{"id":24390,"date":"2018-11-23T15:01:53","date_gmt":"2018-11-23T14:01:53","guid":{"rendered":"https:\/\/codex-themes.com\/thegem\/business-multipurpose\/?page_id=24390"},"modified":"2025-05-19T10:21:12","modified_gmt":"2025-05-19T08:21:12","slug":"nous-contacter","status":"publish","type":"page","link":"https:\/\/www.jds.fr\/blog\/nous-contacter\/","title":{"rendered":"Nous contacter"},"content":{"rendered":"\t\t<div data-elementor-type=\"wp-page\" data-elementor-id=\"24390\" class=\"elementor elementor-24390\">\n\t\t\t\t\t\t<section class=\"elementor-section elementor-top-section elementor-element elementor-element-7f1c406 elementor-section-boxed elementor-section-height-default elementor-section-height-default\" data-id=\"7f1c406\" data-element_type=\"section\" data-e-type=\"section\">\r\n\t\t\t\t\t\t<div class=\"elementor-container elementor-column-gap-thegem\"><div class=\"elementor-row\">\r\n\t\t\t\t\t<div class=\"elementor-column elementor-col-100 elementor-top-column elementor-element elementor-element-fc0d3b3\" data-id=\"fc0d3b3\" data-element_type=\"column\" data-e-type=\"column\">\n\t\t\t<div class=\"elementor-widget-wrap elementor-element-populated\">\n\t\t\t\t\t\t<div class=\"elementor-element elementor-element-ecdea0d flex-horizontal-align-default flex-horizontal-align-tablet-default flex-horizontal-align-mobile-default flex-vertical-align-default flex-vertical-align-tablet-default flex-vertical-align-mobile-default elementor-widget elementor-widget-heading\" data-id=\"ecdea0d\" data-element_type=\"widget\" data-e-type=\"widget\" data-widget_type=\"heading.default\">\n\t\t\t\t<div class=\"elementor-widget-container\">\n\t\t\t\t\t<h1 class=\"elementor-heading-title elementor-size-default\">Avec le JDS, communiquez en local !<\/h1>\t\t\t\t<\/div>\n\t\t\t\t<\/div>\n\t\t\t\t<div class=\"elementor-element elementor-element-c928357 flex-horizontal-align-default flex-horizontal-align-tablet-default flex-horizontal-align-mobile-default flex-vertical-align-default flex-vertical-align-tablet-default flex-vertical-align-mobile-default elementor-widget elementor-widget-text-editor\" data-id=\"c928357\" data-element_type=\"widget\" data-e-type=\"widget\" data-widget_type=\"text-editor.default\">\n\t\t\t\t<div class=\"elementor-widget-container\">\n\t\t\t\t\t\t\t\t\t\t\t\t<div class=\"elementor-text-editor elementor-clearfix\">\r\n\t\t\t\t\t\t<p><strong>Trouvons ensemble une solution qui vous convient \ud83d\ude0a<\/strong><\/p>\t\t\t\t\t\t\t<\/div>\r\n\t\t\t\t\t\t\t\t\t\t<\/div>\n\t\t\t\t<\/div>\n\t\t\t\t<div class=\"elementor-element elementor-element-012f89d flex-horizontal-align-default flex-horizontal-align-tablet-default flex-horizontal-align-mobile-default flex-vertical-align-default flex-vertical-align-tablet-default flex-vertical-align-mobile-default elementor-widget elementor-widget-text-editor\" data-id=\"012f89d\" data-element_type=\"widget\" data-e-type=\"widget\" data-widget_type=\"text-editor.default\">\n\t\t\t\t<div class=\"elementor-widget-container\">\n\t\t\t\t\t\t\t\t\t\t\t\t<div class=\"elementor-text-editor elementor-clearfix\">\r\n\t\t\t\t\t\t<div style=\"background: #e50b47; padding: 2rem;\">\n<p>\ud83d\udea8 Attention, ce formulaire sert \u00e0 prendre contact uniquement avec <strong>le service commercial du JDS.<\/strong><br><br><\/p>\n<p><strong>N&#8217;utilisez PAS ce formulaire si votre demande concerne :<\/strong> <br>&#8211; La mise \u00e0 jour d&#8217;une page sur le site jds.fr<br>&#8211; L&#8217;ajout d&#8217;un \u00e9v\u00e9nement de fa\u00e7on gratuite sur jds.fr<br>&#8211; Une question sur l&#8217;espace organisateur du JDS<br>&#8211; Tout autre sujet n&#8217;ayant pas un rapport avec l&#8217;achat de solutions de communication<br> \ud83d\udc49  <a href=\"https:\/\/www.jds.fr\/contact\/\"><strong><u>Utilisez \u00e0 la place le formulaire d\u00e9di\u00e9 \u00e0 ces questions<\/u><\/strong><\/a><\/p>\n<p><br><br><strong>Si votre demande concerne r\u00e9ellement l&#8217;achat de solutions pour communiquer en local, contactez-nous avec le formulaire ci-dessous \ud83d\ude09<\/strong><\/p>\n<\/div>\t\t\t\t\t\t\t<\/div>\r\n\t\t\t\t\t\t\t\t\t\t<\/div>\n\t\t\t\t<\/div>\n\t\t\t\t<div class=\"elementor-element elementor-element-0d12d75 flex-horizontal-align-default flex-horizontal-align-tablet-default flex-horizontal-align-mobile-default flex-vertical-align-default flex-vertical-align-tablet-default flex-vertical-align-mobile-default elementor-widget elementor-widget-thegem-contact-form7\" data-id=\"0d12d75\" data-element_type=\"widget\" data-e-type=\"widget\" data-settings=\"{&quot;thegem_elementor_preset&quot;:&quot;default&quot;}\" data-widget_type=\"thegem-contact-form7.default\">\n\t\t\t\t<div class=\"elementor-widget-container\">\n\t\t\t\t\t\n<div class=\"wpcf7 no-js\" id=\"wpcf7-f24422-o1\" lang=\"en-US\" dir=\"ltr\" data-wpcf7-id=\"24422\">\n<div class=\"screen-reader-response\"><p role=\"status\" aria-live=\"polite\" aria-atomic=\"true\"><\/p> <ul><\/ul><\/div>\n<form action=\"\/blog\/wp-json\/wp\/v2\/pages\/24390#wpcf7-f24422-o1\" method=\"post\" class=\"wpcf7-form init thegem-cf7 form-0d12d75 label-top\" aria-label=\"Contact form\" novalidate=\"novalidate\" data-status=\"init\">\n<fieldset class=\"hidden-fields-container\"><legend class=\"screen-reader-text\">Hidden fields<\/legend><input type=\"hidden\" name=\"_wpcf7\" value=\"24422\" \/><input type=\"hidden\" name=\"_wpcf7_version\" value=\"6.1.5\" \/><input type=\"hidden\" name=\"_wpcf7_locale\" value=\"en_US\" \/><input type=\"hidden\" name=\"_wpcf7_unit_tag\" value=\"wpcf7-f24422-o1\" \/><input type=\"hidden\" name=\"_wpcf7_container_post\" value=\"0\" \/><input type=\"hidden\" name=\"_wpcf7_posted_data_hash\" value=\"\" \/>\n<\/fieldset>\n<div class=\"row\">\n\n        <div class=\"form-line col-md-6 col-xs-12\"><div class=\"gem-form-icon-name\"><span class=\"wpcf7-form-control-wrap\" data-name=\"your-prenom\"><input size=\"40\" maxlength=\"400\" class=\"wpcf7-form-control wpcf7-text wpcf7-validates-as-required\" aria-required=\"true\" aria-invalid=\"false\" placeholder=\"Pr\u00e9nom*\" value=\"\" type=\"text\" name=\"your-prenom\" \/><\/span><\/div><\/div>\n\n\t<div class=\"form-line col-md-6 col-xs-12\"><div class=\"gem-form-icon-name\"><span class=\"wpcf7-form-control-wrap\" data-name=\"your-name\"><input size=\"40\" maxlength=\"400\" class=\"wpcf7-form-control wpcf7-text wpcf7-validates-as-required\" aria-required=\"true\" aria-invalid=\"false\" placeholder=\"Nom*\" value=\"\" type=\"text\" name=\"your-name\" \/><\/span><\/div><\/div>\n\n<div class=\"form-line col-md-12 col-xs-12\"><div class=\"gem-form-icon-website\"><span class=\"wpcf7-form-control-wrap\" data-name=\"your-society\"><input size=\"40\" maxlength=\"400\" class=\"wpcf7-form-control wpcf7-text\" aria-invalid=\"false\" placeholder=\"Organisme\" value=\"\" type=\"text\" name=\"your-society\" \/><\/span><\/div><\/div>\n\n\t<div class=\"form-line col-md-6 col-xs-12\"><div class=\"gem-form-icon-email\"><span class=\"wpcf7-form-control-wrap\" data-name=\"your-email\"><input size=\"40\" maxlength=\"400\" class=\"wpcf7-form-control wpcf7-email wpcf7-validates-as-required wpcf7-text wpcf7-validates-as-email\" aria-required=\"true\" aria-invalid=\"false\" placeholder=\"Email*\" value=\"\" type=\"email\" name=\"your-email\" \/><\/span><\/div><\/div>\n\n\t<div class=\"form-line col-md-6 col-xs-12\"><div class=\"gem-form-icon-phone\"><span class=\"wpcf7-form-control-wrap\" data-name=\"your-tel\"><input size=\"40\" maxlength=\"400\" class=\"wpcf7-form-control wpcf7-text\" aria-invalid=\"false\" placeholder=\"T\u00e9l\u00e9phone\" value=\"\" type=\"text\" name=\"your-tel\" \/><\/span><\/div><\/div>\n\n\t<div class=\"form-line col-lg-12 col-md-12 col-xs-12\"><span class=\"wpcf7-form-control-wrap\" data-name=\"your-message\"><textarea cols=\"40\" rows=\"10\" maxlength=\"2000\" class=\"wpcf7-form-control wpcf7-textarea wpcf7-validates-as-required\" aria-required=\"true\" aria-invalid=\"false\" placeholder=\"Message*\" name=\"your-message\"><\/textarea><\/span><\/div>\n\n\t<div class=\"col-lg-12 col-md-12 col-xs-12\"><div class=\"wpcf7-response-output\" aria-hidden=\"true\"><\/div><input class=\"wpcf7-form-control wpcf7-submit has-spinner\" type=\"submit\" value=\"Envoyer\" \/><\/div>\n\n<\/div><p style=\"display: none !important;\" class=\"akismet-fields-container\" data-prefix=\"_wpcf7_ak_\"><label>&#916;<textarea name=\"_wpcf7_ak_hp_textarea\" cols=\"45\" rows=\"8\" maxlength=\"100\"><\/textarea><\/label><input type=\"hidden\" id=\"ak_js_1\" name=\"_wpcf7_ak_js\" value=\"249\"\/><script>document.getElementById( \"ak_js_1\" ).setAttribute( \"value\", ( new Date() ).getTime() );<\/script><\/p>\n<\/form>\n<\/div>\n\t\t\t\t<\/div>\n\t\t\t\t<\/div>\n\t\t\t\t\t<\/div>\n\t\t<\/div>\n\t\t\t\t\t<\/div><\/div>\r\n\t\t<\/section>\r\n\t\t\t\t<\/div>\n\t\t","protected":false},"excerpt":{"rendered":"<p>Avec le JDS, communiquez en local ! Trouvons ensemble une solution qui vous convient \ud83d\ude0a \ud83d\udea8 Attention, ce formulaire sert&#8230;<\/p>\n","protected":false},"author":1,"featured_media":0,"parent":0,"menu_order":15,"comment_status":"closed","ping_status":"closed","template":"page-fullwidth.php","meta":{"footnotes":""},"class_list":["post-24390","page","type-page","status-publish"],"yoast_head":"<!-- This site is optimized with the Yoast SEO plugin v26.9 - https:\/\/yoast.com\/product\/yoast-seo-wordpress\/ -->\n<title>Communiquez en local avec le JDS | M\u00e9dia, Haut-Rhin, Alsace<\/title>\n<meta name=\"description\" content=\"JDS, votre m\u00e9dia local en Alsace, vous aide \u00e0 communiquer \u00e0 Mulhouse et dans tout le Haut-Rhin. Contactez nous pour une solution sur-mesure.\" \/>\n<meta name=\"robots\" content=\"index, follow, max-snippet:-1, max-image-preview:large, max-video-preview:-1\" \/>\n<link rel=\"canonical\" href=\"https:\/\/www.jds.fr\/blog\/nous-contacter\/\" \/>\n<meta property=\"og:locale\" content=\"fr_FR\" \/>\n<meta property=\"og:type\" content=\"article\" \/>\n<meta property=\"og:title\" content=\"Communiquez en local avec le JDS | M\u00e9dia, Haut-Rhin, Alsace\" \/>\n<meta property=\"og:description\" content=\"JDS, votre m\u00e9dia local en Alsace, vous aide \u00e0 communiquer \u00e0 Mulhouse et dans tout le Haut-Rhin. Contactez nous pour une solution sur-mesure.\" \/>\n<meta property=\"og:url\" content=\"https:\/\/www.jds.fr\/blog\/nous-contacter\/\" \/>\n<meta property=\"og:site_name\" content=\"JDS M\u00e9dia\" \/>\n<meta property=\"article:modified_time\" content=\"2025-05-19T08:21:12+00:00\" \/>\n<meta name=\"twitter:card\" content=\"summary_large_image\" \/>\n<meta name=\"twitter:label1\" content=\"Dur\u00e9e de lecture estim\u00e9e\" \/>\n\t<meta name=\"twitter:data1\" content=\"1 minute\" \/>\n<!-- \/ Yoast SEO plugin. -->","yoast_head_json":{"title":"Communiquez en local avec le JDS | M\u00e9dia, Haut-Rhin, Alsace","description":"JDS, votre m\u00e9dia local en Alsace, vous aide \u00e0 communiquer \u00e0 Mulhouse et dans tout le Haut-Rhin. Contactez nous pour une solution sur-mesure.","robots":{"index":"index","follow":"follow","max-snippet":"max-snippet:-1","max-image-preview":"max-image-preview:large","max-video-preview":"max-video-preview:-1"},"canonical":"https:\/\/www.jds.fr\/blog\/nous-contacter\/","og_locale":"fr_FR","og_type":"article","og_title":"Communiquez en local avec le JDS | M\u00e9dia, Haut-Rhin, Alsace","og_description":"JDS, votre m\u00e9dia local en Alsace, vous aide \u00e0 communiquer \u00e0 Mulhouse et dans tout le Haut-Rhin. Contactez nous pour une solution sur-mesure.","og_url":"https:\/\/www.jds.fr\/blog\/nous-contacter\/","og_site_name":"JDS M\u00e9dia","article_modified_time":"2025-05-19T08:21:12+00:00","twitter_card":"summary_large_image","twitter_misc":{"Dur\u00e9e de lecture estim\u00e9e":"1 minute"},"schema":{"@context":"https:\/\/schema.org","@graph":[{"@type":"WebPage","@id":"https:\/\/www.jds.fr\/blog\/nous-contacter\/","url":"https:\/\/www.jds.fr\/blog\/nous-contacter\/","name":"Communiquez en local avec le JDS | M\u00e9dia, Haut-Rhin, Alsace","isPartOf":{"@id":"https:\/\/www.jds.fr\/blog\/#website"},"datePublished":"2018-11-23T14:01:53+00:00","dateModified":"2025-05-19T08:21:12+00:00","description":"JDS, votre m\u00e9dia local en Alsace, vous aide \u00e0 communiquer \u00e0 Mulhouse et dans tout le Haut-Rhin. Contactez nous pour une solution sur-mesure.","breadcrumb":{"@id":"https:\/\/www.jds.fr\/blog\/nous-contacter\/#breadcrumb"},"inLanguage":"fr-FR","potentialAction":[{"@type":"ReadAction","target":["https:\/\/www.jds.fr\/blog\/nous-contacter\/"]}]},{"@type":"BreadcrumbList","@id":"https:\/\/www.jds.fr\/blog\/nous-contacter\/#breadcrumb","itemListElement":[{"@type":"ListItem","position":1,"name":"Accueil","item":"https:\/\/www.jds.fr\/blog\/"},{"@type":"ListItem","position":2,"name":"Nous contacter"}]},{"@type":"WebSite","@id":"https:\/\/www.jds.fr\/blog\/#website","url":"https:\/\/www.jds.fr\/blog\/","name":"JDS M\u00e9dia","description":"","potentialAction":[{"@type":"SearchAction","target":{"@type":"EntryPoint","urlTemplate":"https:\/\/www.jds.fr\/blog\/?s={search_term_string}"},"query-input":{"@type":"PropertyValueSpecification","valueRequired":true,"valueName":"search_term_string"}}],"inLanguage":"fr-FR"}]}},"_links":{"self":[{"href":"https:\/\/www.jds.fr\/blog\/wp-json\/wp\/v2\/pages\/24390","targetHints":{"allow":["GET"]}}],"collection":[{"href":"https:\/\/www.jds.fr\/blog\/wp-json\/wp\/v2\/pages"}],"about":[{"href":"https:\/\/www.jds.fr\/blog\/wp-json\/wp\/v2\/types\/page"}],"author":[{"embeddable":true,"href":"https:\/\/www.jds.fr\/blog\/wp-json\/wp\/v2\/users\/1"}],"replies":[{"embeddable":true,"href":"https:\/\/www.jds.fr\/blog\/wp-json\/wp\/v2\/comments?post=24390"}],"version-history":[{"count":62,"href":"https:\/\/www.jds.fr\/blog\/wp-json\/wp\/v2\/pages\/24390\/revisions"}],"predecessor-version":[{"id":35343,"href":"https:\/\/www.jds.fr\/blog\/wp-json\/wp\/v2\/pages\/24390\/revisions\/35343"}],"wp:attachment":[{"href":"https:\/\/www.jds.fr\/blog\/wp-json\/wp\/v2\/media?parent=24390"}],"curies":[{"name":"wp","href":"https:\/\/api.w.org\/{rel}","templated":true}]}}