{"id":25506,"date":"2020-09-23T15:08:46","date_gmt":"2020-09-23T13:08:46","guid":{"rendered":"https:\/\/www.jds.fr\/blog\/?page_id=25506"},"modified":"2024-07-04T10:50:23","modified_gmt":"2024-07-04T08:50:23","slug":"cookies","status":"publish","type":"page","link":"https:\/\/www.jds.fr\/blog\/cookies\/","title":{"rendered":"Cookies"},"content":{"rendered":"\n<h2 class=\"wp-block-heading\">A quoi servent les cookies&nbsp;?<\/h2>\n\n\n\n<p>Un cookie d\u00e9signe un fichier texte susceptible d\u2019\u00eatre enregistr\u00e9, sous r\u00e9serve de vos choix, dans un espace d\u00e9di\u00e9 du disque dur de votre Terminal, \u00e0 l\u2019occasion de la consultation d\u2019un service en ligne gr\u00e2ce \u00e0 votre logiciel de navigation. Un fichier Cookie permet \u00e0 son \u00e9metteur d\u2019identifier le Terminal dans lequel il est enregistr\u00e9, pendant la dur\u00e9e de validit\u00e9 ou d\u2019enregistrement du Cookie.<\/p>\n\n\n\n<h2 class=\"wp-block-heading\">Les cookies que nous utilisons nous permettent&nbsp;:<\/h2>\n\n\n\n<p>&#8211; D&#8217;\u00e9tablir des statistiques et volumes de fr\u00e9quentation et d&#8217;utilisation des diverses \u00e9l\u00e9ments composant notre site. Ils nous permettent \u00e9galement d&#8217;am\u00e9liorer l&#8217;int\u00e9r\u00eat et l&#8217;ergonomie de nos services&nbsp;;<\/p>\n\n\n\n<p>&#8211; D&#8217;adapter la pr\u00e9sentation de notre site aux pr\u00e9f\u00e9rences d&#8217;affichage de votre terminal (langue utilis\u00e9e, r\u00e9solution d&#8217;affichage, syst\u00e8me d&#8217;exploitation utilis\u00e9, etc) lors de vos visites sur notre site, selon les mat\u00e9riels et les logiciels de visualisation ou de lecture que votre terminal comporte&nbsp;;<\/p>\n\n\n\n<p>&#8211; D&#8217;adapter les contenus publicitaires affich\u00e9s sur votre terminal dans nos espaces publicitaires en fonction des donn\u00e9es personnelles que vous nous avez fournies&nbsp;;<\/p>\n\n\n\n<p>&#8211; De comptabiliser le nombre total de publicit\u00e9s affich\u00e9es par nos soins sur nos espaces publicitaires, d&#8217;identifier ces publicit\u00e9s, leur nombre d&#8217;affichages respectifs, le nombre d&#8217;utilisateurs ayant cliqu\u00e9 sur chaque publicit\u00e9 et, le cas \u00e9ch\u00e9ant, les actions ult\u00e9rieures effectu\u00e9es par ces utilisateurs sur les pages auxquelles m\u00e8nent ces publicit\u00e9s, afin de calculer les sommes dues aux acteurs de la cha\u00eene de diffusion publicitaire et d&#8217;\u00e9tablir des statistiques.<\/p>\n\n\n\n<h2 class=\"wp-block-heading\">Gestion des cookies<\/h2>\n\n\n\n<p>Plusieurs possibilit\u00e9s vous sont offertes pour g\u00e9rer les cookies&nbsp;:<\/p>\n\n\n\n<ul class=\"wp-block-list\">\n<li>A votre premi\u00e8re arriv\u00e9e sur le site Internet, une fen\u00eatre appara\u00eet o\u00f9 vous pouvez accepter ou refuser les diff\u00e9rents cookies d\u00e9pos\u00e9s. Vous pouvez \u00e0 tout moment changer votre consentement dans le lien situ\u00e9 en bas de page du site Internet.<\/li>\n\n\n\n<li>Via la configuration de votre navigateur. Elle est d\u00e9crite dans le menu d&#8217;aide de votre navigateur, qui vous permettra de savoir de quelle mani\u00e8re modifier vos souhaits en mati\u00e8re de Cookies.<\/li>\n<\/ul>\n\n\n\n<p>Tout param\u00e9trage que vous pouvez entreprendre sera susceptible de modifier votre navigation sur Internet et vos conditions d&#8217;acc\u00e8s \u00e0 certains services n\u00e9cessitant l&#8217;utilisation de Cookies.<\/p>\n\n\n\n<h2 class=\"wp-block-heading\">Refus des cookies<\/h2>\n\n\n\n<p>Si vous refusez l&#8217;enregistrement de Cookies dans votre Terminal, ou si vous supprimez ceux qui y sont enregistr\u00e9s, vous ne pourrez plus b\u00e9n\u00e9ficier d&#8217;un certain nombre de fonctionnalit\u00e9s qui sont n\u00e9anmoins n\u00e9cessaires pour naviguer dans certains espaces de notre site internet.<\/p>\n\n\n\n<p>Par ailleurs, nous d\u00e9clinons toute responsabilit\u00e9 pour les cons\u00e9quences li\u00e9es au fonctionnement d\u00e9grad\u00e9 de nos services r\u00e9sultant de l&#8217;impossibilit\u00e9 pour nous d&#8217;enregistrer ou de consulter les Cookies n\u00e9cessaires \u00e0 leur fonctionnement et que vous auriez refus\u00e9s ou supprim\u00e9s.<\/p>\n","protected":false},"excerpt":{"rendered":"<p>A quoi servent les cookies&nbsp;? Un cookie d\u00e9signe un fichier texte susceptible d\u2019\u00eatre enregistr\u00e9, sous r\u00e9serve de vos choix, dans&#8230;<\/p>\n","protected":false},"author":1,"featured_media":0,"parent":0,"menu_order":999,"comment_status":"closed","ping_status":"closed","template":"","meta":{"footnotes":""},"class_list":["post-25506","page","type-page","status-publish"],"yoast_head":"<!-- This site is optimized with the Yoast SEO plugin v26.9 - https:\/\/yoast.com\/product\/yoast-seo-wordpress\/ -->\n<title>Cookies - JDS M\u00e9dia<\/title>\n<meta name=\"robots\" content=\"index, follow, max-snippet:-1, max-image-preview:large, max-video-preview:-1\" \/>\n<link rel=\"canonical\" href=\"https:\/\/www.jds.fr\/blog\/cookies\/\" \/>\n<meta property=\"og:locale\" content=\"fr_FR\" \/>\n<meta property=\"og:type\" content=\"article\" \/>\n<meta property=\"og:title\" content=\"Cookies - JDS M\u00e9dia\" \/>\n<meta property=\"og:description\" content=\"A quoi servent les cookies&nbsp;? Un cookie d\u00e9signe un fichier texte susceptible d\u2019\u00eatre enregistr\u00e9, sous r\u00e9serve de vos choix, dans...\" \/>\n<meta property=\"og:url\" content=\"https:\/\/www.jds.fr\/blog\/cookies\/\" \/>\n<meta property=\"og:site_name\" content=\"JDS M\u00e9dia\" \/>\n<meta property=\"article:modified_time\" content=\"2024-07-04T08:50:23+00:00\" \/>\n<meta name=\"twitter:card\" content=\"summary_large_image\" \/>\n<meta name=\"twitter:label1\" content=\"Dur\u00e9e de lecture estim\u00e9e\" \/>\n\t<meta name=\"twitter:data1\" content=\"3 minutes\" \/>\n<!-- \/ Yoast SEO plugin. -->","yoast_head_json":{"title":"Cookies - JDS M\u00e9dia","robots":{"index":"index","follow":"follow","max-snippet":"max-snippet:-1","max-image-preview":"max-image-preview:large","max-video-preview":"max-video-preview:-1"},"canonical":"https:\/\/www.jds.fr\/blog\/cookies\/","og_locale":"fr_FR","og_type":"article","og_title":"Cookies - JDS M\u00e9dia","og_description":"A quoi servent les cookies&nbsp;? Un cookie d\u00e9signe un fichier texte susceptible d\u2019\u00eatre enregistr\u00e9, sous r\u00e9serve de vos choix, dans...","og_url":"https:\/\/www.jds.fr\/blog\/cookies\/","og_site_name":"JDS M\u00e9dia","article_modified_time":"2024-07-04T08:50:23+00:00","twitter_card":"summary_large_image","twitter_misc":{"Dur\u00e9e de lecture estim\u00e9e":"3 minutes"},"schema":{"@context":"https:\/\/schema.org","@graph":[{"@type":"WebPage","@id":"https:\/\/www.jds.fr\/blog\/cookies\/","url":"https:\/\/www.jds.fr\/blog\/cookies\/","name":"Cookies - JDS M\u00e9dia","isPartOf":{"@id":"https:\/\/www.jds.fr\/blog\/#website"},"datePublished":"2020-09-23T13:08:46+00:00","dateModified":"2024-07-04T08:50:23+00:00","breadcrumb":{"@id":"https:\/\/www.jds.fr\/blog\/cookies\/#breadcrumb"},"inLanguage":"fr-FR","potentialAction":[{"@type":"ReadAction","target":["https:\/\/www.jds.fr\/blog\/cookies\/"]}]},{"@type":"BreadcrumbList","@id":"https:\/\/www.jds.fr\/blog\/cookies\/#breadcrumb","itemListElement":[{"@type":"ListItem","position":1,"name":"Accueil","item":"https:\/\/www.jds.fr\/blog\/"},{"@type":"ListItem","position":2,"name":"Cookies"}]},{"@type":"WebSite","@id":"https:\/\/www.jds.fr\/blog\/#website","url":"https:\/\/www.jds.fr\/blog\/","name":"JDS M\u00e9dia","description":"","potentialAction":[{"@type":"SearchAction","target":{"@type":"EntryPoint","urlTemplate":"https:\/\/www.jds.fr\/blog\/?s={search_term_string}"},"query-input":{"@type":"PropertyValueSpecification","valueRequired":true,"valueName":"search_term_string"}}],"inLanguage":"fr-FR"}]}},"_links":{"self":[{"href":"https:\/\/www.jds.fr\/blog\/wp-json\/wp\/v2\/pages\/25506","targetHints":{"allow":["GET"]}}],"collection":[{"href":"https:\/\/www.jds.fr\/blog\/wp-json\/wp\/v2\/pages"}],"about":[{"href":"https:\/\/www.jds.fr\/blog\/wp-json\/wp\/v2\/types\/page"}],"author":[{"embeddable":true,"href":"https:\/\/www.jds.fr\/blog\/wp-json\/wp\/v2\/users\/1"}],"replies":[{"embeddable":true,"href":"https:\/\/www.jds.fr\/blog\/wp-json\/wp\/v2\/comments?post=25506"}],"version-history":[{"count":2,"href":"https:\/\/www.jds.fr\/blog\/wp-json\/wp\/v2\/pages\/25506\/revisions"}],"predecessor-version":[{"id":26625,"href":"https:\/\/www.jds.fr\/blog\/wp-json\/wp\/v2\/pages\/25506\/revisions\/26625"}],"wp:attachment":[{"href":"https:\/\/www.jds.fr\/blog\/wp-json\/wp\/v2\/media?parent=25506"}],"curies":[{"name":"wp","href":"https:\/\/api.w.org\/{rel}","templated":true}]}}