{"id":27595,"date":"2024-03-19T15:48:04","date_gmt":"2024-03-19T14:48:04","guid":{"rendered":"https:\/\/www.jds.fr\/blog\/?page_id=27595"},"modified":"2025-09-09T15:58:29","modified_gmt":"2025-09-09T13:58:29","slug":"stage-et-alternance","status":"publish","type":"page","link":"https:\/\/www.jds.fr\/blog\/offres-emploi-mulhouse-alsace\/stage-et-alternance\/","title":{"rendered":"Stage et alternance"},"content":{"rendered":"\t\t<div data-elementor-type=\"wp-page\" data-elementor-id=\"27595\" class=\"elementor elementor-27595\">\n\t\t\t\t\t\t<section class=\"elementor-section elementor-top-section elementor-element elementor-element-a9d4399 elementor-section-boxed elementor-section-height-default elementor-section-height-default\" data-id=\"a9d4399\" data-element_type=\"section\" data-e-type=\"section\">\r\n\t\t\t\t\t\t<div class=\"elementor-container elementor-column-gap-thegem\"><div class=\"elementor-row\">\r\n\t\t\t\t\t<div class=\"elementor-column elementor-col-50 elementor-top-column elementor-element elementor-element-1b13002\" data-id=\"1b13002\" data-element_type=\"column\" data-e-type=\"column\">\n\t\t\t<div class=\"elementor-widget-wrap elementor-element-populated\">\n\t\t\t\t\t\t<div class=\"elementor-element elementor-element-3fc9f9e flex-horizontal-align-default flex-horizontal-align-tablet-default flex-horizontal-align-mobile-default flex-vertical-align-default flex-vertical-align-tablet-default flex-vertical-align-mobile-default elementor-widget elementor-widget-text-editor\" data-id=\"3fc9f9e\" data-element_type=\"widget\" data-e-type=\"widget\" data-widget_type=\"text-editor.default\">\n\t\t\t\t<div class=\"elementor-widget-container\">\n\t\t\t\t\t\t\t\t\t\t\t\t<div class=\"elementor-text-editor elementor-clearfix\">\r\n\t\t\t\t\t\t<p style=\"color: #5f727f; font-family: 'Source Sans Pro';\">Nous accueillons tr\u00e8s r\u00e9guli\u00e8rement des alternants <span style=\"color: #ff0000;\"><strong>(minimum Bac +2)<\/strong><\/span> et des stagiaires<strong><span style=\"color: #ff0000;\"> (minimum 6 mois)<\/span><\/strong> dans nos diff\u00e9rents m\u00e9tiers.<\/p><p style=\"color: #5f727f; font-family: 'Source Sans Pro';\">Vous nous apportez votre enthousiasme et vos id\u00e9es. Nous essayons de vous mettre dans les meilleures conditions professionnelles pour vous permettre de d\u00e9velopper vos comp\u00e9tences et vos savoir-faire dans les domaines suivants :\u00a0<\/p><ul style=\"color: #5f727f; font-family: 'Source Sans Pro';\"><li>R\u00e9daction \/ Cr\u00e9ation de contenu<\/li><li>Commercialisation\u00a0<\/li><li>Web marketing<\/li><\/ul><div><strong style=\"color: #ff0000;\">Si vous \u00eates un stagiaire ou alternant en d\u00e9veloppement : nous ne recrutons actuellement pas pour ce poste.<\/strong><\/div>\t\t\t\t\t\t\t<\/div>\r\n\t\t\t\t\t\t\t\t\t\t<\/div>\n\t\t\t\t<\/div>\n\t\t\t\t<div class=\"elementor-element elementor-element-b5093e4 flex-horizontal-align-default flex-horizontal-align-tablet-default flex-horizontal-align-mobile-default flex-vertical-align-default flex-vertical-align-tablet-default flex-vertical-align-mobile-default elementor-widget elementor-widget-heading\" data-id=\"b5093e4\" data-element_type=\"widget\" data-e-type=\"widget\" data-widget_type=\"heading.default\">\n\t\t\t\t<div class=\"elementor-widget-container\">\n\t\t\t\t\t<h2 class=\"elementor-heading-title elementor-size-default\">Qui sommes-nous ?<\/h2>\t\t\t\t<\/div>\n\t\t\t\t<\/div>\n\t\t\t\t<div class=\"elementor-element elementor-element-ce02d79 flex-horizontal-align-default flex-horizontal-align-tablet-default flex-horizontal-align-mobile-default flex-vertical-align-default flex-vertical-align-tablet-default flex-vertical-align-mobile-default elementor-widget elementor-widget-text-editor\" data-id=\"ce02d79\" data-element_type=\"widget\" data-e-type=\"widget\" data-widget_type=\"text-editor.default\">\n\t\t\t\t<div class=\"elementor-widget-container\">\n\t\t\t\t\t\t\t\t\t\t\t\t<div class=\"elementor-text-editor elementor-clearfix\">\r\n\t\t\t\t\t\t<p><strong>Le JDS est un M\u00e9dia ind\u00e9pendant d&#8217;information sur les Sorties, les loisirs et l&#8217;Arts de Vivre.<\/strong><\/p><p>Le JDS est un M\u00e9dia Gratuit 360\u00b0, pr\u00e9sent sur tous les supports et qui se d\u00e9veloppe rapidement :<\/p><ul><li>www.jds.fr sur le Web (de l&#8217;info sur l&#8217;Alsace mais aussi sur l&#8217;ensemble de la France : plus de 3 000 000 de visites mensuelles)<\/li><li>R\u00e9seaux sociaux &#8211; newsletter, etc&#8230;<\/li><li>JDS Magazine sur le Papier (diffusion uniquement sur le Haut-Rhin \u00e0 50 000 exemplaires chaque mois)<\/li><li>En cumul, chaque mois nous informons plusieurs millions de personnes<\/li><\/ul><p><strong>Dans un environnement sympa au c\u0153ur de la ville de Mulhouse,<\/strong>\u00a0vous int\u00e9grez une \u00e9quipe d\u2019une vingtaine de professionnels du Web et des M\u00e9dias (d\u00e9veloppeurs, r\u00e9dacteurs, Community manager, r\u00e9f\u00e9renceurs, business d\u00e9veloppeurs).<\/p>\t\t\t\t\t\t\t<\/div>\r\n\t\t\t\t\t\t\t\t\t\t<\/div>\n\t\t\t\t<\/div>\n\t\t\t\t\t<\/div>\n\t\t<\/div>\n\t\t\t\t<div class=\"elementor-column elementor-col-50 elementor-top-column elementor-element elementor-element-cc85b16\" data-id=\"cc85b16\" data-element_type=\"column\" data-e-type=\"column\">\n\t\t\t<div class=\"elementor-widget-wrap elementor-element-populated\">\n\t\t\t\t\t\t<div class=\"elementor-element elementor-element-4eb2042 flex-horizontal-align-default flex-horizontal-align-tablet-default flex-horizontal-align-mobile-default flex-vertical-align-default flex-vertical-align-tablet-default flex-vertical-align-mobile-default elementor-widget elementor-widget-heading\" data-id=\"4eb2042\" data-element_type=\"widget\" data-e-type=\"widget\" data-widget_type=\"heading.default\">\n\t\t\t\t<div class=\"elementor-widget-container\">\n\t\t\t\t\t<h2 class=\"elementor-heading-title elementor-size-default\">Je postule<\/h2>\t\t\t\t<\/div>\n\t\t\t\t<\/div>\n\t\t\t\t<div class=\"elementor-element elementor-element-c0423d8 flex-horizontal-align-default flex-horizontal-align-tablet-default flex-horizontal-align-mobile-default flex-vertical-align-default flex-vertical-align-tablet-default flex-vertical-align-mobile-default elementor-widget elementor-widget-text-editor\" data-id=\"c0423d8\" data-element_type=\"widget\" data-e-type=\"widget\" data-widget_type=\"text-editor.default\">\n\t\t\t\t<div class=\"elementor-widget-container\">\n\t\t\t\t\t\t\t\t\t\t\t\t<div class=\"elementor-text-editor elementor-clearfix\">\r\n\t\t\t\t\t\t<p><strong style=\"color: #ff0000;\">Nous recrutons uniquement \u00e0 partir de&nbsp; BAC+2 et pour une dur\u00e9e minimum de 6 mois.&nbsp;<\/strong><strong style=\"color: #ff0000;\">Si vous \u00eates un stagiaire ou alternant en d\u00e9veloppement : nous ne recrutons actuellement pas pour ce poste.<\/strong><\/p>\n<p><strong>Envoyez-nous :<\/strong><\/p>\n<ul>\n<li>Votre CV<\/li>\n<li>Une lettre de motivation<\/li>\n<li>Vous pouvez aussi nous glisser un petit mot de pr\u00e9sentation dans la case ci-dessous <img class=\"emoji\" role=\"img\" draggable=\"false\" src=\"https:\/\/s.w.org\/images\/core\/emoji\/14.0.0\/svg\/1f60a.svg\" alt=\"\ud83d\ude0a\"><\/li>\n<li>Adressez votre candidature \u00e0 Jean-Marc Henni en utilisant le formulaire ci-dessous.<\/li>\n<\/ul>\t\t\t\t\t\t\t<\/div>\r\n\t\t\t\t\t\t\t\t\t\t<\/div>\n\t\t\t\t<\/div>\n\t\t\t\t<div class=\"elementor-element elementor-element-513b20c elementor-widget__width-initial flex-horizontal-align-default flex-horizontal-align-tablet-default flex-horizontal-align-mobile-default flex-vertical-align-default flex-vertical-align-tablet-default flex-vertical-align-mobile-default elementor-widget elementor-widget-thegem-contact-form7\" data-id=\"513b20c\" data-element_type=\"widget\" data-e-type=\"widget\" data-settings=\"{&quot;thegem_elementor_preset&quot;:&quot;default&quot;}\" data-widget_type=\"thegem-contact-form7.default\">\n\t\t\t\t<div class=\"elementor-widget-container\">\n\t\t\t\t\t\n<div class=\"wpcf7 no-js\" id=\"wpcf7-f27531-o1\" lang=\"fr-FR\" dir=\"ltr\" data-wpcf7-id=\"27531\">\n<div class=\"screen-reader-response\"><p role=\"status\" aria-live=\"polite\" aria-atomic=\"true\"><\/p> <ul><\/ul><\/div>\n<form action=\"\/blog\/wp-json\/wp\/v2\/pages\/27595#wpcf7-f27531-o1\" method=\"post\" class=\"wpcf7-form init thegem-cf7 form-513b20c label-top\" aria-label=\"Formulaire de contact\" enctype=\"multipart\/form-data\" novalidate=\"novalidate\" data-status=\"init\">\n<fieldset class=\"hidden-fields-container\"><legend class=\"screen-reader-text\">Hidden fields<\/legend><input type=\"hidden\" name=\"_wpcf7\" value=\"27531\" \/><input type=\"hidden\" name=\"_wpcf7_version\" value=\"6.1.5\" \/><input type=\"hidden\" name=\"_wpcf7_locale\" value=\"fr_FR\" \/><input type=\"hidden\" name=\"_wpcf7_unit_tag\" value=\"wpcf7-f27531-o1\" \/><input type=\"hidden\" name=\"_wpcf7_container_post\" value=\"0\" \/><input type=\"hidden\" name=\"_wpcf7_posted_data_hash\" value=\"\" \/>\n<\/fieldset>\n<label> Votre nom (obligatoire)\n    <span class=\"wpcf7-form-control-wrap\" data-name=\"your-name\"><input size=\"40\" maxlength=\"400\" class=\"wpcf7-form-control wpcf7-text wpcf7-validates-as-required\" aria-required=\"true\" aria-invalid=\"false\" value=\"\" type=\"text\" name=\"your-name\" \/><\/span> <\/label>\n\n<label> Votre e-mail (obligatoire)\n    <span class=\"wpcf7-form-control-wrap\" data-name=\"your-email\"><input size=\"40\" maxlength=\"400\" class=\"wpcf7-form-control wpcf7-email wpcf7-validates-as-required wpcf7-text wpcf7-validates-as-email\" aria-required=\"true\" aria-invalid=\"false\" value=\"\" type=\"email\" name=\"your-email\" \/><\/span> <\/label>\n\n<label> Poste souhait\u00e9\n<span class=\"wpcf7-form-control-wrap\" data-name=\"your-subject\"><select class=\"wpcf7-form-control wpcf7-select\" aria-invalid=\"false\" name=\"your-subject\"><option value=\"Charg\u00e9 de d\u00e9veloppement commercial\">Charg\u00e9 de d\u00e9veloppement commercial<\/option><option value=\"Commercial\">Commercial<\/option><option value=\"Community Manager\">Community Manager<\/option><option value=\"Journaliste\">Journaliste<\/option><option value=\"R\u00e9dacteur web\">R\u00e9dacteur web<\/option><option value=\"SEO \/ Web marketing\">SEO \/ Web marketing<\/option><option value=\"Stage et alternance\">Stage et alternance<\/option><\/select><\/span><\/label>\n\n<label> Votre message\n    <span class=\"wpcf7-form-control-wrap\" data-name=\"your-message\"><textarea cols=\"40\" rows=\"10\" maxlength=\"2000\" class=\"wpcf7-form-control wpcf7-textarea\" aria-invalid=\"false\" name=\"your-message\"><\/textarea><\/span> <\/label>\n\n<label>CV (obligatoire - format PDF 5 mo max)\n    <span class=\"wpcf7-form-control-wrap\" data-name=\"file-266\"><input size=\"40\" class=\"wpcf7-form-control wpcf7-file wpcf7-validates-as-required\" accept=\".pdf\" aria-required=\"true\" aria-invalid=\"false\" type=\"file\" name=\"file-266\" \/><\/span> <\/label>\n\n<label>Lettre de motivation (obligatoire - format PDF 5 mo max)\n    <span class=\"wpcf7-form-control-wrap\" data-name=\"file-419\"><input size=\"40\" class=\"wpcf7-form-control wpcf7-file wpcf7-validates-as-required\" accept=\".pdf\" aria-required=\"true\" aria-invalid=\"false\" type=\"file\" name=\"file-419\" \/><\/span> <\/label>\n\n<input class=\"wpcf7-form-control wpcf7-submit has-spinner\" type=\"submit\" value=\"Je postule\" \/><p style=\"display: none !important;\" class=\"akismet-fields-container\" data-prefix=\"_wpcf7_ak_\"><label>&#916;<textarea name=\"_wpcf7_ak_hp_textarea\" cols=\"45\" rows=\"8\" maxlength=\"100\"><\/textarea><\/label><input type=\"hidden\" id=\"ak_js_1\" name=\"_wpcf7_ak_js\" value=\"9\"\/><script>document.getElementById( \"ak_js_1\" ).setAttribute( \"value\", ( new Date() ).getTime() );<\/script><\/p><div class=\"wpcf7-response-output\" aria-hidden=\"true\"><\/div>\n<\/form>\n<\/div>\n\t\t\t\t<\/div>\n\t\t\t\t<\/div>\n\t\t\t\t<div class=\"elementor-element elementor-element-d1afd03 flex-horizontal-align-default flex-horizontal-align-tablet-default flex-horizontal-align-mobile-default flex-vertical-align-default flex-vertical-align-tablet-default flex-vertical-align-mobile-default elementor-widget elementor-widget-html\" data-id=\"d1afd03\" data-element_type=\"widget\" data-e-type=\"widget\" data-widget_type=\"html.default\">\n\t\t\t\t<div class=\"elementor-widget-container\">\n\t\t\t\t\t<script>\njQuery(document).ready(function( $ ){\n$('select[name=\"your-subject\"] option[value=\"Stage et alternance\"]').prop(\"selected\",true).trigger('change');\n});\n<\/script>\t\t\t\t<\/div>\n\t\t\t\t<\/div>\n\t\t\t\t\t<\/div>\n\t\t<\/div>\n\t\t\t\t\t<\/div><\/div>\r\n\t\t<\/section>\r\n\t\t\t\t<\/div>\n\t\t","protected":false},"excerpt":{"rendered":"<p>Nous accueillons tr\u00e8s r\u00e9guli\u00e8rement des alternants (minimum Bac +2) et des stagiaires (minimum 6 mois) dans nos diff\u00e9rents m\u00e9tiers. Vous&#8230;<\/p>\n","protected":false},"author":1,"featured_media":0,"parent":27484,"menu_order":0,"comment_status":"closed","ping_status":"closed","template":"page-fullwidth.php","meta":{"footnotes":""},"class_list":["post-27595","page","type-page","status-publish"],"yoast_head":"<!-- This site is optimized with the Yoast SEO plugin v26.9 - https:\/\/yoast.com\/product\/yoast-seo-wordpress\/ -->\n<title>Stage et alternance | Offre d&#039;emploi Mulhouse-Alsace<\/title>\n<meta name=\"description\" content=\"Rejoignez l&#039;\u00e9quipe du JDS, un m\u00e9dia ind\u00e9pendant d\u2019information sur les Sorties, les loisirs et l\u2019Arts de Vivre.\" \/>\n<meta name=\"robots\" content=\"index, follow, max-snippet:-1, max-image-preview:large, max-video-preview:-1\" \/>\n<link rel=\"canonical\" href=\"https:\/\/www.jds.fr\/blog\/offres-emploi-mulhouse-alsace\/stage-et-alternance\/\" \/>\n<meta property=\"og:locale\" content=\"fr_FR\" \/>\n<meta property=\"og:type\" content=\"article\" \/>\n<meta property=\"og:title\" content=\"Stage et alternance | Offre d&#039;emploi Mulhouse-Alsace\" \/>\n<meta property=\"og:description\" content=\"Rejoignez l&#039;\u00e9quipe du JDS, un m\u00e9dia ind\u00e9pendant d\u2019information sur les Sorties, les loisirs et l\u2019Arts de Vivre.\" \/>\n<meta property=\"og:url\" content=\"https:\/\/www.jds.fr\/blog\/offres-emploi-mulhouse-alsace\/stage-et-alternance\/\" \/>\n<meta property=\"og:site_name\" content=\"JDS M\u00e9dia\" \/>\n<meta property=\"article:modified_time\" content=\"2025-09-09T13:58:29+00:00\" \/>\n<meta property=\"og:image\" content=\"https:\/\/s.w.org\/images\/core\/emoji\/14.0.0\/svg\/1f60a.svg\" \/>\n<meta name=\"twitter:card\" content=\"summary_large_image\" \/>\n<meta name=\"twitter:label1\" content=\"Dur\u00e9e de lecture estim\u00e9e\" \/>\n\t<meta name=\"twitter:data1\" content=\"2 minutes\" \/>\n<!-- \/ Yoast SEO plugin. -->","yoast_head_json":{"title":"Stage et alternance | Offre d'emploi Mulhouse-Alsace","description":"Rejoignez l'\u00e9quipe du JDS, un m\u00e9dia ind\u00e9pendant d\u2019information sur les Sorties, les loisirs et l\u2019Arts de Vivre.","robots":{"index":"index","follow":"follow","max-snippet":"max-snippet:-1","max-image-preview":"max-image-preview:large","max-video-preview":"max-video-preview:-1"},"canonical":"https:\/\/www.jds.fr\/blog\/offres-emploi-mulhouse-alsace\/stage-et-alternance\/","og_locale":"fr_FR","og_type":"article","og_title":"Stage et alternance | Offre d'emploi Mulhouse-Alsace","og_description":"Rejoignez l'\u00e9quipe du JDS, un m\u00e9dia ind\u00e9pendant d\u2019information sur les Sorties, les loisirs et l\u2019Arts de Vivre.","og_url":"https:\/\/www.jds.fr\/blog\/offres-emploi-mulhouse-alsace\/stage-et-alternance\/","og_site_name":"JDS M\u00e9dia","article_modified_time":"2025-09-09T13:58:29+00:00","og_image":[{"url":"https:\/\/s.w.org\/images\/core\/emoji\/14.0.0\/svg\/1f60a.svg","type":"","width":"","height":""}],"twitter_card":"summary_large_image","twitter_misc":{"Dur\u00e9e de lecture estim\u00e9e":"2 minutes"},"schema":{"@context":"https:\/\/schema.org","@graph":[{"@type":"WebPage","@id":"https:\/\/www.jds.fr\/blog\/offres-emploi-mulhouse-alsace\/stage-et-alternance\/","url":"https:\/\/www.jds.fr\/blog\/offres-emploi-mulhouse-alsace\/stage-et-alternance\/","name":"Stage et alternance | Offre d'emploi Mulhouse-Alsace","isPartOf":{"@id":"https:\/\/www.jds.fr\/blog\/#website"},"primaryImageOfPage":{"@id":"https:\/\/www.jds.fr\/blog\/offres-emploi-mulhouse-alsace\/stage-et-alternance\/#primaryimage"},"image":{"@id":"https:\/\/www.jds.fr\/blog\/offres-emploi-mulhouse-alsace\/stage-et-alternance\/#primaryimage"},"thumbnailUrl":"https:\/\/s.w.org\/images\/core\/emoji\/14.0.0\/svg\/1f60a.svg","datePublished":"2024-03-19T14:48:04+00:00","dateModified":"2025-09-09T13:58:29+00:00","description":"Rejoignez l'\u00e9quipe du JDS, un m\u00e9dia ind\u00e9pendant d\u2019information sur les Sorties, les loisirs et l\u2019Arts de Vivre.","breadcrumb":{"@id":"https:\/\/www.jds.fr\/blog\/offres-emploi-mulhouse-alsace\/stage-et-alternance\/#breadcrumb"},"inLanguage":"fr-FR","potentialAction":[{"@type":"ReadAction","target":["https:\/\/www.jds.fr\/blog\/offres-emploi-mulhouse-alsace\/stage-et-alternance\/"]}]},{"@type":"ImageObject","inLanguage":"fr-FR","@id":"https:\/\/www.jds.fr\/blog\/offres-emploi-mulhouse-alsace\/stage-et-alternance\/#primaryimage","url":"https:\/\/s.w.org\/images\/core\/emoji\/14.0.0\/svg\/1f60a.svg","contentUrl":"https:\/\/s.w.org\/images\/core\/emoji\/14.0.0\/svg\/1f60a.svg"},{"@type":"BreadcrumbList","@id":"https:\/\/www.jds.fr\/blog\/offres-emploi-mulhouse-alsace\/stage-et-alternance\/#breadcrumb","itemListElement":[{"@type":"ListItem","position":1,"name":"Accueil","item":"https:\/\/www.jds.fr\/blog\/"},{"@type":"ListItem","position":2,"name":"Offres d&#8217;emploi","item":"https:\/\/www.jds.fr\/blog\/offres-emploi-mulhouse-alsace\/"},{"@type":"ListItem","position":3,"name":"Stage et alternance"}]},{"@type":"WebSite","@id":"https:\/\/www.jds.fr\/blog\/#website","url":"https:\/\/www.jds.fr\/blog\/","name":"JDS M\u00e9dia","description":"","potentialAction":[{"@type":"SearchAction","target":{"@type":"EntryPoint","urlTemplate":"https:\/\/www.jds.fr\/blog\/?s={search_term_string}"},"query-input":{"@type":"PropertyValueSpecification","valueRequired":true,"valueName":"search_term_string"}}],"inLanguage":"fr-FR"}]}},"_links":{"self":[{"href":"https:\/\/www.jds.fr\/blog\/wp-json\/wp\/v2\/pages\/27595","targetHints":{"allow":["GET"]}}],"collection":[{"href":"https:\/\/www.jds.fr\/blog\/wp-json\/wp\/v2\/pages"}],"about":[{"href":"https:\/\/www.jds.fr\/blog\/wp-json\/wp\/v2\/types\/page"}],"author":[{"embeddable":true,"href":"https:\/\/www.jds.fr\/blog\/wp-json\/wp\/v2\/users\/1"}],"replies":[{"embeddable":true,"href":"https:\/\/www.jds.fr\/blog\/wp-json\/wp\/v2\/comments?post=27595"}],"version-history":[{"count":7,"href":"https:\/\/www.jds.fr\/blog\/wp-json\/wp\/v2\/pages\/27595\/revisions"}],"predecessor-version":[{"id":37861,"href":"https:\/\/www.jds.fr\/blog\/wp-json\/wp\/v2\/pages\/27595\/revisions\/37861"}],"up":[{"embeddable":true,"href":"https:\/\/www.jds.fr\/blog\/wp-json\/wp\/v2\/pages\/27484"}],"wp:attachment":[{"href":"https:\/\/www.jds.fr\/blog\/wp-json\/wp\/v2\/media?parent=27595"}],"curies":[{"name":"wp","href":"https:\/\/api.w.org\/{rel}","templated":true}]}}