{"id":27900,"date":"2024-04-23T16:11:33","date_gmt":"2024-04-23T14:11:33","guid":{"rendered":"https:\/\/www.jds.fr\/blog\/?page_id=27900"},"modified":"2024-07-03T16:44:16","modified_gmt":"2024-07-03T14:44:16","slug":"manifeste","status":"publish","type":"page","link":"https:\/\/www.jds.fr\/blog\/presentation\/manifeste\/","title":{"rendered":"Manifeste"},"content":{"rendered":"\t\t<div data-elementor-type=\"wp-page\" data-elementor-id=\"27900\" class=\"elementor elementor-27900\">\n\t\t\t\t\t\t<section class=\"elementor-section elementor-top-section elementor-element elementor-element-040b8a3 elementor-section-boxed elementor-section-height-default elementor-section-height-default\" data-id=\"040b8a3\" data-element_type=\"section\" data-e-type=\"section\">\r\n\t\t\t\t\t\t<div class=\"elementor-container elementor-column-gap-thegem\"><div class=\"elementor-row\">\r\n\t\t\t\t\t<div class=\"elementor-column elementor-col-100 elementor-top-column elementor-element elementor-element-2b2f50a\" data-id=\"2b2f50a\" data-element_type=\"column\" data-e-type=\"column\">\n\t\t\t<div class=\"elementor-widget-wrap elementor-element-populated\">\n\t\t\t\t\t\t<div class=\"elementor-element elementor-element-0ca2822 flex-horizontal-align-default flex-horizontal-align-tablet-default flex-horizontal-align-mobile-default flex-vertical-align-default flex-vertical-align-tablet-default flex-vertical-align-mobile-default elementor-widget elementor-widget-heading\" data-id=\"0ca2822\" data-element_type=\"widget\" data-e-type=\"widget\" data-widget_type=\"heading.default\">\n\t\t\t\t<div class=\"elementor-widget-container\">\n\t\t\t\t\t<h1 class=\"elementor-heading-title elementor-size-default\">Manifeste : JDS votre m\u00e9dia local dans le Haut-Rhin<\/h1>\t\t\t\t<\/div>\n\t\t\t\t<\/div>\n\t\t\t\t<div class=\"elementor-element elementor-element-3941ce5 flex-horizontal-align-default flex-horizontal-align-tablet-default flex-horizontal-align-mobile-default flex-vertical-align-default flex-vertical-align-tablet-default flex-vertical-align-mobile-default elementor-widget elementor-widget-text-editor\" data-id=\"3941ce5\" data-element_type=\"widget\" data-e-type=\"widget\" data-widget_type=\"text-editor.default\">\n\t\t\t\t<div class=\"elementor-widget-container\">\n\t\t\t\t\t\t\t\t\t\t\t\t<div class=\"elementor-text-editor elementor-clearfix\">\r\n\t\t\t\t\t\t<p><strong>Depuis sa cr\u00e9ation en 1994, le JDS a \u00e9t\u00e9 le t\u00e9moin privil\u00e9gi\u00e9 de la vie locale dans le Sud Alsace, de ses \u00e9volutions, de ses richesses et de ses d\u00e9fis. En tant que m\u00e9dia local ind\u00e9pendant ancr\u00e9 au c\u0153ur de Mulhouse, nous sommes fiers de c\u00e9l\u00e9brer notre engagement pour le territoire : informer, inspirer et mettre en relation celles et ceux qui y vivent et y cr\u00e9ent.<\/strong><\/p><h2>La tradition du papier, la modernit\u00e9 du num\u00e9rique<\/h2><p>Depuis 30 ans, notre magazine papier est le compagnon fid\u00e8le de nombreux lecteurs. Il refl\u00e8te tout ce qu\u2019il se fait de bien et de bon en termes de sorties, de loisirs et d\u2019art de vivre \u00e0 Mulhouse et dans le Sud Alsace \u00e0 travers des articles soigneusement r\u00e9dig\u00e9s, des interviews inspirantes et des chroniques pleines d\u2019humour. Sa traduction num\u00e9rique en site internet ou sur les r\u00e9seaux sociaux lui a permis d\u2019\u00e9largir sa port\u00e9e et d\u2019offrir aux habitants d\u2019un territoire, en Alsace et ailleurs en France, un acc\u00e8s instantan\u00e9 \u00e0 l&#8217;actualit\u00e9 locale.<\/p><h2>Un miroir de la diversit\u00e9 des offres sur le territoire<\/h2><p>En 30 ans, le JDS est pass\u00e9 d\u2019un agenda des \u00e9v\u00e9nements mulhousiens \u00e0 un m\u00e9dia multi-local o\u00f9 l\u2019on retrouve toute la diversit\u00e9 des initiatives pour faire du bien \u00e0 son corps et \u00e0 son esprit \u00e0 proximit\u00e9 de chez soi : culture, spectacles, sorties, loisirs, \u00e9v\u00e9nements, gastronomie, art de vivre, maison et d\u00e9co, emploi et formation\u2026 Notre m\u00e9dia aspire \u00e0 \u00eatre le complice de tous celles et ceux qui cherchent \u00e0 mieux vivre en local et \u00e0 d\u00e9couvrir ce qui les entoure au quotidien.<\/p><h2>Un t\u00e9moin actif des initiatives locales<\/h2><p>Nous sommes plus qu&#8217;un simple observateur passif. Le JDS s&#8217;engage activement dans les enjeux locaux, qu&#8217;il s&#8217;agisse de promouvoir le commerce de proximit\u00e9, de soutenir des initiatives citoyennes ou bien de partager son savoir-faire et son expertise. Nous nous positionnons en tant que partenaire du progr\u00e8s local.<\/p><h2>La communaut\u00e9 au centre de nos actions<\/h2><p>Notre m\u00e9dia est avant tout une communaut\u00e9. Nous croyons en l&#8217;importance de partager les histoires des individus, des associations et des entrepreneurs locaux qui font la diff\u00e9rence, la richesse et la coh\u00e9sion de nos territoires. En donnant la parole \u00e0 chacun, nous cr\u00e9ons un tissu social fort et inspirant pour faire de la vie locale un terrain d\u2019\u00e9panouissement pour tous.<\/p><h2>Une fen\u00eatre ouverte sur l&#8217;avenir<\/h2><p>\u00c0 l&#8217;\u00e8re du num\u00e9rique et l\u2019intelligence artificielle, le JDS embrasse l&#8217;innovation tout en respectant ses racines. Notre engagement envers le journalisme de qualit\u00e9, notre accessibilit\u00e9 et notre ouverture aux nouvelles technologies t\u00e9moignent de notre volont\u00e9 d&#8217;\u00e9voluer avec son temps et de rester une source fiable et pertinente.<\/p><p>En 30 ans, le JDS a \u00e9volu\u00e9 en m\u00eame temps que le territoire sur lequel il est n\u00e9 et que ceux qu\u2019il a investis par la suite. Nous sommes fiers de notre h\u00e9ritage, de notre engagement au service de l\u2019information et de la vie locale. En tant que m\u00e9dia local, notre mission est de continuer \u00e0 \u00eatre la voix de Mulhouse, du Sud Alsace et de tous les territoires pour permettre \u00e0 leurs habitants de s\u2019y \u00e9panouir. Merci de faire partie de cette aventure avec nous.<\/p>\t\t\t\t\t\t\t<\/div>\r\n\t\t\t\t\t\t\t\t\t\t<\/div>\n\t\t\t\t<\/div>\n\t\t\t\t<div class=\"elementor-element elementor-element-9bc4e56 flex-horizontal-align-default flex-horizontal-align-tablet-default flex-horizontal-align-mobile-default flex-vertical-align-default flex-vertical-align-tablet-default flex-vertical-align-mobile-default elementor-invisible elementor-widget elementor-widget-thegem-styledbutton\" data-id=\"9bc4e56\" data-element_type=\"widget\" data-e-type=\"widget\" data-settings=\"{&quot;_animation&quot;:&quot;fadeInRight&quot;,&quot;_animation_delay&quot;:200,&quot;thegem_button_skin&quot;:&quot;flat&quot;}\" data-widget_type=\"thegem-styledbutton.default\">\n\t\t\t\t<div class=\"elementor-widget-container\">\n\t\t\t\t\t\n<div class=\"gem-button-container gem-widget-button\">\n\n\t\t<a class=\"gem-button gem-button-size-medium gem-button-text-weight-bold gem-button-style-flat\" href=\"https:\/\/www.jds.fr\/blog\/offres-emploi-mulhouse-alsace\/\">\n\t\t<span class=\"gem-inner-wrapper-btn\">\n\t\t\t\t\t\t<span class=\"gem-text-button\">\n\t\t\t\tRejoindre le JDS\t\t\t<\/span>\n\t\t<\/span>\n\t<\/a>\n\n\t\n<\/div>\t\t\t\t<\/div>\n\t\t\t\t<\/div>\n\t\t\t\t\t<\/div>\n\t\t<\/div>\n\t\t\t\t\t<\/div><\/div>\r\n\t\t<\/section>\r\n\t\t\t\t<\/div>\n\t\t","protected":false},"excerpt":{"rendered":"<p>Manifeste Depuis sa cr\u00e9ation en 1994, le JDS a \u00e9t\u00e9 le t\u00e9moin privil\u00e9gi\u00e9 de la vie locale dans le Sud&#8230;<\/p>\n","protected":false},"author":1,"featured_media":0,"parent":27877,"menu_order":0,"comment_status":"closed","ping_status":"closed","template":"page-fullwidth.php","meta":{"footnotes":""},"class_list":["post-27900","page","type-page","status-publish"],"yoast_head":"<!-- This site is optimized with the Yoast SEO plugin v26.9 - https:\/\/yoast.com\/product\/yoast-seo-wordpress\/ -->\n<title>JDS, votre m\u00e9dia local \u00e0 Mulhouse et en Alsace depuis 1994<\/title>\n<meta name=\"description\" content=\"D\u00e9couvrez JDS, votre m\u00e9dia local ind\u00e9pendant. Depuis 30 ans, nous informons les alsaciens avec des actualit\u00e9s, sorties et loisirs.\" \/>\n<meta name=\"robots\" content=\"index, follow, max-snippet:-1, max-image-preview:large, max-video-preview:-1\" \/>\n<link rel=\"canonical\" href=\"https:\/\/www.jds.fr\/blog\/presentation\/manifeste\/\" \/>\n<meta property=\"og:locale\" content=\"fr_FR\" \/>\n<meta property=\"og:type\" content=\"article\" \/>\n<meta property=\"og:title\" content=\"JDS, votre m\u00e9dia local \u00e0 Mulhouse et en Alsace depuis 1994\" \/>\n<meta property=\"og:description\" content=\"D\u00e9couvrez JDS, votre m\u00e9dia local ind\u00e9pendant. Depuis 30 ans, nous informons les alsaciens avec des actualit\u00e9s, sorties et loisirs.\" \/>\n<meta property=\"og:url\" content=\"https:\/\/www.jds.fr\/blog\/presentation\/manifeste\/\" \/>\n<meta property=\"og:site_name\" content=\"JDS M\u00e9dia\" \/>\n<meta property=\"article:modified_time\" content=\"2024-07-03T14:44:16+00:00\" \/>\n<meta name=\"twitter:card\" content=\"summary_large_image\" \/>\n<meta name=\"twitter:label1\" content=\"Dur\u00e9e de lecture estim\u00e9e\" \/>\n\t<meta name=\"twitter:data1\" content=\"3 minutes\" \/>\n<!-- \/ Yoast SEO plugin. -->","yoast_head_json":{"title":"JDS, votre m\u00e9dia local \u00e0 Mulhouse et en Alsace depuis 1994","description":"D\u00e9couvrez JDS, votre m\u00e9dia local ind\u00e9pendant. Depuis 30 ans, nous informons les alsaciens avec des actualit\u00e9s, sorties et loisirs.","robots":{"index":"index","follow":"follow","max-snippet":"max-snippet:-1","max-image-preview":"max-image-preview:large","max-video-preview":"max-video-preview:-1"},"canonical":"https:\/\/www.jds.fr\/blog\/presentation\/manifeste\/","og_locale":"fr_FR","og_type":"article","og_title":"JDS, votre m\u00e9dia local \u00e0 Mulhouse et en Alsace depuis 1994","og_description":"D\u00e9couvrez JDS, votre m\u00e9dia local ind\u00e9pendant. Depuis 30 ans, nous informons les alsaciens avec des actualit\u00e9s, sorties et loisirs.","og_url":"https:\/\/www.jds.fr\/blog\/presentation\/manifeste\/","og_site_name":"JDS M\u00e9dia","article_modified_time":"2024-07-03T14:44:16+00:00","twitter_card":"summary_large_image","twitter_misc":{"Dur\u00e9e de lecture estim\u00e9e":"3 minutes"},"schema":{"@context":"https:\/\/schema.org","@graph":[{"@type":"WebPage","@id":"https:\/\/www.jds.fr\/blog\/presentation\/manifeste\/","url":"https:\/\/www.jds.fr\/blog\/presentation\/manifeste\/","name":"JDS, votre m\u00e9dia local \u00e0 Mulhouse et en Alsace depuis 1994","isPartOf":{"@id":"https:\/\/www.jds.fr\/blog\/#website"},"datePublished":"2024-04-23T14:11:33+00:00","dateModified":"2024-07-03T14:44:16+00:00","description":"D\u00e9couvrez JDS, votre m\u00e9dia local ind\u00e9pendant. Depuis 30 ans, nous informons les alsaciens avec des actualit\u00e9s, sorties et loisirs.","breadcrumb":{"@id":"https:\/\/www.jds.fr\/blog\/presentation\/manifeste\/#breadcrumb"},"inLanguage":"fr-FR","potentialAction":[{"@type":"ReadAction","target":["https:\/\/www.jds.fr\/blog\/presentation\/manifeste\/"]}]},{"@type":"BreadcrumbList","@id":"https:\/\/www.jds.fr\/blog\/presentation\/manifeste\/#breadcrumb","itemListElement":[{"@type":"ListItem","position":1,"name":"Accueil","item":"https:\/\/www.jds.fr\/blog\/"},{"@type":"ListItem","position":2,"name":"Pr\u00e9sentation","item":"https:\/\/www.jds.fr\/blog\/presentation\/"},{"@type":"ListItem","position":3,"name":"Manifeste"}]},{"@type":"WebSite","@id":"https:\/\/www.jds.fr\/blog\/#website","url":"https:\/\/www.jds.fr\/blog\/","name":"JDS M\u00e9dia","description":"","potentialAction":[{"@type":"SearchAction","target":{"@type":"EntryPoint","urlTemplate":"https:\/\/www.jds.fr\/blog\/?s={search_term_string}"},"query-input":{"@type":"PropertyValueSpecification","valueRequired":true,"valueName":"search_term_string"}}],"inLanguage":"fr-FR"}]}},"_links":{"self":[{"href":"https:\/\/www.jds.fr\/blog\/wp-json\/wp\/v2\/pages\/27900","targetHints":{"allow":["GET"]}}],"collection":[{"href":"https:\/\/www.jds.fr\/blog\/wp-json\/wp\/v2\/pages"}],"about":[{"href":"https:\/\/www.jds.fr\/blog\/wp-json\/wp\/v2\/types\/page"}],"author":[{"embeddable":true,"href":"https:\/\/www.jds.fr\/blog\/wp-json\/wp\/v2\/users\/1"}],"replies":[{"embeddable":true,"href":"https:\/\/www.jds.fr\/blog\/wp-json\/wp\/v2\/comments?post=27900"}],"version-history":[{"count":14,"href":"https:\/\/www.jds.fr\/blog\/wp-json\/wp\/v2\/pages\/27900\/revisions"}],"predecessor-version":[{"id":28523,"href":"https:\/\/www.jds.fr\/blog\/wp-json\/wp\/v2\/pages\/27900\/revisions\/28523"}],"up":[{"embeddable":true,"href":"https:\/\/www.jds.fr\/blog\/wp-json\/wp\/v2\/pages\/27877"}],"wp:attachment":[{"href":"https:\/\/www.jds.fr\/blog\/wp-json\/wp\/v2\/media?parent=27900"}],"curies":[{"name":"wp","href":"https:\/\/api.w.org\/{rel}","templated":true}]}}