{"id":28310,"date":"2024-06-27T15:36:26","date_gmt":"2024-06-27T13:36:26","guid":{"rendered":"https:\/\/www.jds.fr\/blog\/?page_id=28310"},"modified":"2025-09-09T16:02:08","modified_gmt":"2025-09-09T14:02:08","slug":"redacteur-web-h-f","status":"publish","type":"page","link":"https:\/\/www.jds.fr\/blog\/offres-emploi-mulhouse-alsace\/redacteur-web-h-f\/","title":{"rendered":"R\u00e9dacteur web et SEO : charg\u00e9(e) de contenus \u00e9v\u00e9nementiels et de l\u2019optimisation \u00e9ditoriale"},"content":{"rendered":"\t\t<div data-elementor-type=\"wp-page\" data-elementor-id=\"28310\" class=\"elementor elementor-28310\">\n\t\t\t\t\t\t<section class=\"elementor-section elementor-top-section elementor-element elementor-element-a9d4399 elementor-section-boxed elementor-section-height-default elementor-section-height-default\" data-id=\"a9d4399\" data-element_type=\"section\" data-e-type=\"section\">\r\n\t\t\t\t\t\t<div class=\"elementor-container elementor-column-gap-thegem\"><div class=\"elementor-row\">\r\n\t\t\t\t\t<div class=\"elementor-column elementor-col-50 elementor-top-column elementor-element elementor-element-1b13002\" data-id=\"1b13002\" data-element_type=\"column\" data-e-type=\"column\">\n\t\t\t<div class=\"elementor-widget-wrap elementor-element-populated\">\n\t\t\t\t\t\t<div class=\"elementor-element elementor-element-1c94a5b flex-horizontal-align-default flex-horizontal-align-tablet-default flex-horizontal-align-mobile-default flex-vertical-align-default flex-vertical-align-tablet-default flex-vertical-align-mobile-default elementor-widget elementor-widget-heading\" data-id=\"1c94a5b\" data-element_type=\"widget\" data-e-type=\"widget\" data-widget_type=\"heading.default\">\n\t\t\t\t<div class=\"elementor-widget-container\">\n\t\t\t\t\t<h2 class=\"elementor-heading-title elementor-size-default\">Votre mission<\/h2>\t\t\t\t<\/div>\n\t\t\t\t<\/div>\n\t\t\t\t<div class=\"elementor-element elementor-element-3fc9f9e flex-horizontal-align-default flex-horizontal-align-tablet-default flex-horizontal-align-mobile-default flex-vertical-align-default flex-vertical-align-tablet-default flex-vertical-align-mobile-default elementor-widget elementor-widget-text-editor\" data-id=\"3fc9f9e\" data-element_type=\"widget\" data-e-type=\"widget\" data-widget_type=\"text-editor.default\">\n\t\t\t\t<div class=\"elementor-widget-container\">\n\t\t\t\t\t\t\t\t\t\t\t\t<div class=\"elementor-text-editor elementor-clearfix\">\r\n\t\t\t\t\t\t<p>Vous prenez en main <b>l\u2019Agenda de JDS.fr,<\/b> v\u00e9ritable <b>c\u0153ur de notre site web,<\/b> qui recense chaque jour <b>plusieurs dizaines de milliers d\u2019\u00e9v\u00e9nements dans toute la France.<\/b><\/p>\n<p>Votre objectif : proposer aux internautes <b>le meilleur de ce qui se passe autour d\u2019eux <\/b>\u2013 quoi \/ o\u00f9 \/ quand \u2013 en valorisant cette richesse de contenus pour r\u00e9pondre \u00e0 la question cl\u00e9 : <b>&#8220;Que faire autour de chez moi ce week-end ?&#8221;<\/b><\/p>\n<p><b>\u00a0<\/b><\/p>\n<h2>Vos responsabilit\u00e9s<\/h2>\n<p><strong>\ud83d\uddc2 Piloter le fonctionnement de l\u2019agenda<\/strong> (cr\u00e9ation, mise \u00e0 jour, priorisation des \u00e9v\u00e9nements)<\/p>\n<p><strong>\ud83d\udd01 Superviser l\u2019int\u00e9gration de contenus<\/strong> via notre CRM et les API partenaires (festivals, salles, offices de tourisme, etc.)<\/p>\n<p><strong>\ud83e\udde0 Optimiser le r\u00e9f\u00e9rencement naturel (SEO)<\/strong> de l\u2019agenda et des pages associ\u00e9es sur Google<\/p>\n<p><strong>\ud83e\udd16 Utiliser les outils d\u2019intelligence artificielle<\/strong> pour am\u00e9liorer la productivit\u00e9 (g\u00e9n\u00e9ration de textes, titres, r\u00e9sum\u00e9s, enrichissement de contenus)<\/p>\n<p><strong>\ud83d\udcca Analyser les performances SEO et l\u2019audience<\/strong> pour affiner votre strat\u00e9gie<\/p>\n<p><strong>\ud83c\udf0d Impulser une logique multi-locale,<\/strong> en proposant aux internautes les meilleurs \u00e9v\u00e9nements ville par ville (Paris, Strasbourg, Lyon, Marseille\u2026)<\/p>\t\t\t\t\t\t\t<\/div>\r\n\t\t\t\t\t\t\t\t\t\t<\/div>\n\t\t\t\t<\/div>\n\t\t\t\t<div class=\"elementor-element elementor-element-b5093e4 flex-horizontal-align-default flex-horizontal-align-tablet-default flex-horizontal-align-mobile-default flex-vertical-align-default flex-vertical-align-tablet-default flex-vertical-align-mobile-default elementor-widget elementor-widget-heading\" data-id=\"b5093e4\" data-element_type=\"widget\" data-e-type=\"widget\" data-widget_type=\"heading.default\">\n\t\t\t\t<div class=\"elementor-widget-container\">\n\t\t\t\t\t<h2 class=\"elementor-heading-title elementor-size-default\">Le JDS, c\u2019est qui ?<\/h2>\t\t\t\t<\/div>\n\t\t\t\t<\/div>\n\t\t\t\t<div class=\"elementor-element elementor-element-ce02d79 flex-horizontal-align-default flex-horizontal-align-tablet-default flex-horizontal-align-mobile-default flex-vertical-align-default flex-vertical-align-tablet-default flex-vertical-align-mobile-default elementor-widget elementor-widget-text-editor\" data-id=\"ce02d79\" data-element_type=\"widget\" data-e-type=\"widget\" data-widget_type=\"text-editor.default\">\n\t\t\t\t<div class=\"elementor-widget-container\">\n\t\t\t\t\t\t\t\t\t\t\t\t<div class=\"elementor-text-editor elementor-clearfix\">\r\n\t\t\t\t\t\t<p><strong>Le JDS est un m\u00e9dia ind\u00e9pendant et positif, bas\u00e9 \u00e0 Mulhouse, qui informe chaque mois plusieurs millions de lecteurs via :<\/strong><\/p>\n<ul>\n<li><b>Le site www.jds.fr,<\/b> un des leaders nationaux des agendas en ligne, avec plus de <b>3 millions de visites mensuelles<\/b><\/li>\n<li>Une pr\u00e9sence forte sur les r<b>\u00e9seaux sociaux, newsletters et autres supports digitaux<\/b><\/li>\n<li><b>Le magazine papier JDS <\/b>(52 000 ex. diffus\u00e9s chaque mois dans le Haut-Rhin)<\/li>\n<\/ul>\n<p>Nos bureaux sont situ\u00e9s en plein c\u0153ur de <strong>Mulhouse,<\/strong> dans un environnement stimulant (quartier de la Fonderie, au-dessus du Nomade et \u00e0 deux pas de KM\u00d8).<\/p>\n<p>L\u2019\u00e9quipe est compos\u00e9e d\u2019une douzaine de professionnels du digital et de l\u2019\u00e9dition (r\u00e9dacteurs, d\u00e9veloppeurs, SEO, business dev\u2026).<\/p>\t\t\t\t\t\t\t<\/div>\r\n\t\t\t\t\t\t\t\t\t\t<\/div>\n\t\t\t\t<\/div>\n\t\t\t\t<div class=\"elementor-element elementor-element-4345fdd flex-horizontal-align-default flex-horizontal-align-tablet-default flex-horizontal-align-mobile-default flex-vertical-align-default flex-vertical-align-tablet-default flex-vertical-align-mobile-default elementor-widget elementor-widget-heading\" data-id=\"4345fdd\" data-element_type=\"widget\" data-e-type=\"widget\" data-widget_type=\"heading.default\">\n\t\t\t\t<div class=\"elementor-widget-container\">\n\t\t\t\t\t<h2 class=\"elementor-heading-title elementor-size-default\">Profil recherch\u00e9<\/h2>\t\t\t\t<\/div>\n\t\t\t\t<\/div>\n\t\t\t\t<div class=\"elementor-element elementor-element-2a8a26e flex-horizontal-align-default flex-horizontal-align-tablet-default flex-horizontal-align-mobile-default flex-vertical-align-default flex-vertical-align-tablet-default flex-vertical-align-mobile-default elementor-widget elementor-widget-text-editor\" data-id=\"2a8a26e\" data-element_type=\"widget\" data-e-type=\"widget\" data-widget_type=\"text-editor.default\">\n\t\t\t\t<div class=\"elementor-widget-container\">\n\t\t\t\t\t\t\t\t\t\t\t\t<div class=\"elementor-text-editor elementor-clearfix\">\r\n\t\t\t\t\t\t<p>Ce poste demande une <strong>vision claire,<\/strong> une<strong> forte culture digitale,<\/strong> et une <strong>ex\u00e9cution rigoureuse.<\/strong> Vous n\u2019\u00eates pas forc\u00e9ment journaliste, mais vous savez <strong>traiter l\u2019information avec pertinence et fiabilit\u00e9.<\/strong><\/p>\n<p><strong>Les comp\u00e9tences que nous recherchons : <\/strong><\/p>\n<ul>\n<li><strong>Exp\u00e9rience en SEO<\/strong> (structure, s\u00e9mantique, contenu, performances, outils\u2026)<\/li>\n<li><strong>Ma\u00eetrise des outils IA<\/strong> (ChatGPT, copilots, automatisation simple, etc.)<\/li>\n<li><strong>Bonne capacit\u00e9 r\u00e9dactionnelle<\/strong> (titres clairs, rubriquage, infos utiles)<\/li>\n<li><strong>Aisance avec les CRM, API et interfaces d\u2019administration de site <\/strong><\/li>\n<li><strong>Esprit logique, structur\u00e9, rationnel \u2013 sens de la priorisation <\/strong><\/li>\n<li><strong>Culture web, sens du produit, autonomie, ambition<\/strong><\/li>\n<\/ul>\t\t\t\t\t\t\t<\/div>\r\n\t\t\t\t\t\t\t\t\t\t<\/div>\n\t\t\t\t<\/div>\n\t\t\t\t\t<\/div>\n\t\t<\/div>\n\t\t\t\t<div class=\"elementor-column elementor-col-50 elementor-top-column elementor-element elementor-element-cc85b16\" data-id=\"cc85b16\" data-element_type=\"column\" data-e-type=\"column\">\n\t\t\t<div class=\"elementor-widget-wrap elementor-element-populated\">\n\t\t\t\t\t\t<div class=\"elementor-element elementor-element-4eb2042 flex-horizontal-align-default flex-horizontal-align-tablet-default flex-horizontal-align-mobile-default flex-vertical-align-default flex-vertical-align-tablet-default flex-vertical-align-mobile-default elementor-widget elementor-widget-heading\" data-id=\"4eb2042\" data-element_type=\"widget\" data-e-type=\"widget\" data-widget_type=\"heading.default\">\n\t\t\t\t<div class=\"elementor-widget-container\">\n\t\t\t\t\t<h2 class=\"elementor-heading-title elementor-size-default\">Pourquoi nous rejoindre ?<\/h2>\t\t\t\t<\/div>\n\t\t\t\t<\/div>\n\t\t\t\t<div class=\"elementor-element elementor-element-c0423d8 flex-horizontal-align-default flex-horizontal-align-tablet-default flex-horizontal-align-mobile-default flex-vertical-align-default flex-vertical-align-tablet-default flex-vertical-align-mobile-default elementor-widget elementor-widget-text-editor\" data-id=\"c0423d8\" data-element_type=\"widget\" data-e-type=\"widget\" data-widget_type=\"text-editor.default\">\n\t\t\t\t<div class=\"elementor-widget-container\">\n\t\t\t\t\t\t\t\t\t\t\t\t<div class=\"elementor-text-editor elementor-clearfix\">\r\n\t\t\t\t\t\t<p><strong>\ud83d\ude80 Un projet ambitieux<\/strong> \u00e0 fort potentiel de croissance<\/p>\n<p><strong>\ud83d\udca1 Un r\u00f4le cl\u00e9<\/strong> dans notre strat\u00e9gie \u00e9ditoriale et SEO<\/p>\n<p>\ud83c\udfd9 Un poste en pr\u00e9sentiel dans un <strong>cadre de travail stimulant \u00e0 Mulhouse <\/strong><\/p>\n<p><strong>\ud83e\udd1d Une \u00e9quipe dynamique,<\/strong> bienveillante et passionn\u00e9e par les m\u00e9dias<\/p>\n<p><strong>\ud83d\udcc8 De vraies perspectives d\u2019\u00e9volution,<\/strong> en lien direct avec la direction<\/p>\n<p>\u00a0<\/p>\n<h2>Je postule<\/h2>\n<p>\ud83d\udccd CDI \u2013 Temps plein \u2013 Mulhouse (pr\u00e9sentiel)<br \/>\ud83d\udcb0 \u00c0 partir de 2 200 \u20ac brut \/ mois (selon profil)<br \/>\ud83d\udcc5 Prise de poste souhait\u00e9e : d\u00e8s que possible<\/p>\n<p><strong>Envoyez-nous :<\/strong><\/p>\n<ul>\n<li>Votre CV<\/li>\n<li>Une lettre de motivation<\/li>\n<li>Vous pouvez aussi nous glisser un petit mot de pr\u00e9sentation dans la case ci-dessous<\/li>\n<li>Adressez votre candidature \u00e0 Jean-Marc Henni en utilisant le formulaire ci-dessous.<\/li>\n<\/ul>\t\t\t\t\t\t\t<\/div>\r\n\t\t\t\t\t\t\t\t\t\t<\/div>\n\t\t\t\t<\/div>\n\t\t\t\t<div class=\"elementor-element elementor-element-513b20c elementor-widget__width-initial flex-horizontal-align-default flex-horizontal-align-tablet-default flex-horizontal-align-mobile-default flex-vertical-align-default flex-vertical-align-tablet-default flex-vertical-align-mobile-default elementor-widget elementor-widget-thegem-contact-form7\" data-id=\"513b20c\" data-element_type=\"widget\" data-e-type=\"widget\" data-settings=\"{&quot;thegem_elementor_preset&quot;:&quot;default&quot;}\" data-widget_type=\"thegem-contact-form7.default\">\n\t\t\t\t<div class=\"elementor-widget-container\">\n\t\t\t\t\t\n<div class=\"wpcf7 no-js\" id=\"wpcf7-f27531-o1\" lang=\"fr-FR\" dir=\"ltr\" data-wpcf7-id=\"27531\">\n<div class=\"screen-reader-response\"><p role=\"status\" aria-live=\"polite\" aria-atomic=\"true\"><\/p> <ul><\/ul><\/div>\n<form action=\"\/blog\/wp-json\/wp\/v2\/pages\/28310#wpcf7-f27531-o1\" method=\"post\" class=\"wpcf7-form init thegem-cf7 form-513b20c label-top\" aria-label=\"Formulaire de contact\" enctype=\"multipart\/form-data\" novalidate=\"novalidate\" data-status=\"init\">\n<fieldset class=\"hidden-fields-container\"><legend class=\"screen-reader-text\">Hidden fields<\/legend><input type=\"hidden\" name=\"_wpcf7\" value=\"27531\" \/><input type=\"hidden\" name=\"_wpcf7_version\" value=\"6.1.5\" \/><input type=\"hidden\" name=\"_wpcf7_locale\" value=\"fr_FR\" \/><input type=\"hidden\" name=\"_wpcf7_unit_tag\" value=\"wpcf7-f27531-o1\" \/><input type=\"hidden\" name=\"_wpcf7_container_post\" value=\"0\" \/><input type=\"hidden\" name=\"_wpcf7_posted_data_hash\" value=\"\" \/>\n<\/fieldset>\n<label> Votre nom (obligatoire)\n    <span class=\"wpcf7-form-control-wrap\" data-name=\"your-name\"><input size=\"40\" maxlength=\"400\" class=\"wpcf7-form-control wpcf7-text wpcf7-validates-as-required\" aria-required=\"true\" aria-invalid=\"false\" value=\"\" type=\"text\" name=\"your-name\" \/><\/span> <\/label>\n\n<label> Votre e-mail (obligatoire)\n    <span class=\"wpcf7-form-control-wrap\" data-name=\"your-email\"><input size=\"40\" maxlength=\"400\" class=\"wpcf7-form-control wpcf7-email wpcf7-validates-as-required wpcf7-text wpcf7-validates-as-email\" aria-required=\"true\" aria-invalid=\"false\" value=\"\" type=\"email\" name=\"your-email\" \/><\/span> <\/label>\n\n<label> Poste souhait\u00e9\n<span class=\"wpcf7-form-control-wrap\" data-name=\"your-subject\"><select class=\"wpcf7-form-control wpcf7-select\" aria-invalid=\"false\" name=\"your-subject\"><option value=\"Charg\u00e9 de d\u00e9veloppement commercial\">Charg\u00e9 de d\u00e9veloppement commercial<\/option><option value=\"Commercial\">Commercial<\/option><option value=\"Community Manager\">Community Manager<\/option><option value=\"Journaliste\">Journaliste<\/option><option value=\"R\u00e9dacteur web\">R\u00e9dacteur web<\/option><option value=\"SEO \/ Web marketing\">SEO \/ Web marketing<\/option><option value=\"Stage et alternance\">Stage et alternance<\/option><\/select><\/span><\/label>\n\n<label> Votre message\n    <span class=\"wpcf7-form-control-wrap\" data-name=\"your-message\"><textarea cols=\"40\" rows=\"10\" maxlength=\"2000\" class=\"wpcf7-form-control wpcf7-textarea\" aria-invalid=\"false\" name=\"your-message\"><\/textarea><\/span> <\/label>\n\n<label>CV (obligatoire - format PDF 5 mo max)\n    <span class=\"wpcf7-form-control-wrap\" data-name=\"file-266\"><input size=\"40\" class=\"wpcf7-form-control wpcf7-file wpcf7-validates-as-required\" accept=\".pdf\" aria-required=\"true\" aria-invalid=\"false\" type=\"file\" name=\"file-266\" \/><\/span> <\/label>\n\n<label>Lettre de motivation (obligatoire - format PDF 5 mo max)\n    <span class=\"wpcf7-form-control-wrap\" data-name=\"file-419\"><input size=\"40\" class=\"wpcf7-form-control wpcf7-file wpcf7-validates-as-required\" accept=\".pdf\" aria-required=\"true\" aria-invalid=\"false\" type=\"file\" name=\"file-419\" \/><\/span> <\/label>\n\n<input class=\"wpcf7-form-control wpcf7-submit has-spinner\" type=\"submit\" value=\"Je postule\" \/><p style=\"display: none !important;\" class=\"akismet-fields-container\" data-prefix=\"_wpcf7_ak_\"><label>&#916;<textarea name=\"_wpcf7_ak_hp_textarea\" cols=\"45\" rows=\"8\" maxlength=\"100\"><\/textarea><\/label><input type=\"hidden\" id=\"ak_js_1\" name=\"_wpcf7_ak_js\" value=\"145\"\/><script>document.getElementById( \"ak_js_1\" ).setAttribute( \"value\", ( new Date() ).getTime() );<\/script><\/p><div class=\"wpcf7-response-output\" aria-hidden=\"true\"><\/div>\n<\/form>\n<\/div>\n\t\t\t\t<\/div>\n\t\t\t\t<\/div>\n\t\t\t\t<div class=\"elementor-element elementor-element-d1afd03 flex-horizontal-align-default flex-horizontal-align-tablet-default flex-horizontal-align-mobile-default flex-vertical-align-default flex-vertical-align-tablet-default flex-vertical-align-mobile-default elementor-widget elementor-widget-html\" data-id=\"d1afd03\" data-element_type=\"widget\" data-e-type=\"widget\" data-widget_type=\"html.default\">\n\t\t\t\t<div class=\"elementor-widget-container\">\n\t\t\t\t\t<script>\njQuery(document).ready(function( $ ){\n$('select[name=\"your-subject\"] option[value=\"R\u00e9dacteur web\"]').prop(\"selected\",true).trigger('change');\n});\n<\/script>\t\t\t\t<\/div>\n\t\t\t\t<\/div>\n\t\t\t\t\t<\/div>\n\t\t<\/div>\n\t\t\t\t\t<\/div><\/div>\r\n\t\t<\/section>\r\n\t\t\t\t<\/div>\n\t\t","protected":false},"excerpt":{"rendered":"<p>Votre mission Vous prenez en main l\u2019Agenda de JDS.fr, v\u00e9ritable c\u0153ur de notre site web, qui recense chaque jour plusieurs&#8230;<\/p>\n","protected":false},"author":1,"featured_media":0,"parent":27484,"menu_order":0,"comment_status":"closed","ping_status":"closed","template":"","meta":{"footnotes":""},"class_list":["post-28310","page","type-page","status-publish"],"yoast_head":"<!-- This site is optimized with the Yoast SEO plugin v26.9 - https:\/\/yoast.com\/product\/yoast-seo-wordpress\/ -->\n<title>R\u00e9dacteur web (H\/F) | Offre d&#039;emploi Mulhouse-Alsace<\/title>\n<meta name=\"description\" content=\"Rejoignez l&#039;\u00e9quipe r\u00e9dactionnelle du JDS, un m\u00e9dia ind\u00e9pendant d\u2019information sur les Sorties, les loisirs et l\u2019Arts de Vivre.\" \/>\n<meta name=\"robots\" content=\"index, follow, max-snippet:-1, max-image-preview:large, max-video-preview:-1\" \/>\n<link rel=\"canonical\" href=\"https:\/\/www.jds.fr\/blog\/offres-emploi-mulhouse-alsace\/redacteur-web-h-f\/\" \/>\n<meta property=\"og:locale\" content=\"fr_FR\" \/>\n<meta property=\"og:type\" content=\"article\" \/>\n<meta property=\"og:title\" content=\"R\u00e9dacteur web (H\/F) | Offre d&#039;emploi Mulhouse-Alsace\" \/>\n<meta property=\"og:description\" content=\"Rejoignez l&#039;\u00e9quipe r\u00e9dactionnelle du JDS, un m\u00e9dia ind\u00e9pendant d\u2019information sur les Sorties, les loisirs et l\u2019Arts de Vivre.\" \/>\n<meta property=\"og:url\" content=\"https:\/\/www.jds.fr\/blog\/offres-emploi-mulhouse-alsace\/redacteur-web-h-f\/\" \/>\n<meta property=\"og:site_name\" content=\"JDS M\u00e9dia\" \/>\n<meta property=\"article:modified_time\" content=\"2025-09-09T14:02:08+00:00\" \/>\n<meta name=\"twitter:card\" content=\"summary_large_image\" \/>\n<meta name=\"twitter:label1\" content=\"Dur\u00e9e de lecture estim\u00e9e\" \/>\n\t<meta name=\"twitter:data1\" content=\"3 minutes\" \/>\n<!-- \/ Yoast SEO plugin. -->","yoast_head_json":{"title":"R\u00e9dacteur web (H\/F) | Offre d'emploi Mulhouse-Alsace","description":"Rejoignez l'\u00e9quipe r\u00e9dactionnelle du JDS, un m\u00e9dia ind\u00e9pendant d\u2019information sur les Sorties, les loisirs et l\u2019Arts de Vivre.","robots":{"index":"index","follow":"follow","max-snippet":"max-snippet:-1","max-image-preview":"max-image-preview:large","max-video-preview":"max-video-preview:-1"},"canonical":"https:\/\/www.jds.fr\/blog\/offres-emploi-mulhouse-alsace\/redacteur-web-h-f\/","og_locale":"fr_FR","og_type":"article","og_title":"R\u00e9dacteur web (H\/F) | Offre d'emploi Mulhouse-Alsace","og_description":"Rejoignez l'\u00e9quipe r\u00e9dactionnelle du JDS, un m\u00e9dia ind\u00e9pendant d\u2019information sur les Sorties, les loisirs et l\u2019Arts de Vivre.","og_url":"https:\/\/www.jds.fr\/blog\/offres-emploi-mulhouse-alsace\/redacteur-web-h-f\/","og_site_name":"JDS M\u00e9dia","article_modified_time":"2025-09-09T14:02:08+00:00","twitter_card":"summary_large_image","twitter_misc":{"Dur\u00e9e de lecture estim\u00e9e":"3 minutes"},"schema":{"@context":"https:\/\/schema.org","@graph":[{"@type":"WebPage","@id":"https:\/\/www.jds.fr\/blog\/offres-emploi-mulhouse-alsace\/redacteur-web-h-f\/","url":"https:\/\/www.jds.fr\/blog\/offres-emploi-mulhouse-alsace\/redacteur-web-h-f\/","name":"R\u00e9dacteur web (H\/F) | Offre d'emploi Mulhouse-Alsace","isPartOf":{"@id":"https:\/\/www.jds.fr\/blog\/#website"},"datePublished":"2024-06-27T13:36:26+00:00","dateModified":"2025-09-09T14:02:08+00:00","description":"Rejoignez l'\u00e9quipe r\u00e9dactionnelle du JDS, un m\u00e9dia ind\u00e9pendant d\u2019information sur les Sorties, les loisirs et l\u2019Arts de Vivre.","breadcrumb":{"@id":"https:\/\/www.jds.fr\/blog\/offres-emploi-mulhouse-alsace\/redacteur-web-h-f\/#breadcrumb"},"inLanguage":"fr-FR","potentialAction":[{"@type":"ReadAction","target":["https:\/\/www.jds.fr\/blog\/offres-emploi-mulhouse-alsace\/redacteur-web-h-f\/"]}]},{"@type":"BreadcrumbList","@id":"https:\/\/www.jds.fr\/blog\/offres-emploi-mulhouse-alsace\/redacteur-web-h-f\/#breadcrumb","itemListElement":[{"@type":"ListItem","position":1,"name":"Accueil","item":"https:\/\/www.jds.fr\/blog\/"},{"@type":"ListItem","position":2,"name":"Offres d&#8217;emploi","item":"https:\/\/www.jds.fr\/blog\/offres-emploi-mulhouse-alsace\/"},{"@type":"ListItem","position":3,"name":"R\u00e9dacteur web et SEO : charg\u00e9(e) de contenus \u00e9v\u00e9nementiels et de l\u2019optimisation \u00e9ditoriale"}]},{"@type":"WebSite","@id":"https:\/\/www.jds.fr\/blog\/#website","url":"https:\/\/www.jds.fr\/blog\/","name":"JDS M\u00e9dia","description":"","potentialAction":[{"@type":"SearchAction","target":{"@type":"EntryPoint","urlTemplate":"https:\/\/www.jds.fr\/blog\/?s={search_term_string}"},"query-input":{"@type":"PropertyValueSpecification","valueRequired":true,"valueName":"search_term_string"}}],"inLanguage":"fr-FR"}]}},"_links":{"self":[{"href":"https:\/\/www.jds.fr\/blog\/wp-json\/wp\/v2\/pages\/28310","targetHints":{"allow":["GET"]}}],"collection":[{"href":"https:\/\/www.jds.fr\/blog\/wp-json\/wp\/v2\/pages"}],"about":[{"href":"https:\/\/www.jds.fr\/blog\/wp-json\/wp\/v2\/types\/page"}],"author":[{"embeddable":true,"href":"https:\/\/www.jds.fr\/blog\/wp-json\/wp\/v2\/users\/1"}],"replies":[{"embeddable":true,"href":"https:\/\/www.jds.fr\/blog\/wp-json\/wp\/v2\/comments?post=28310"}],"version-history":[{"count":9,"href":"https:\/\/www.jds.fr\/blog\/wp-json\/wp\/v2\/pages\/28310\/revisions"}],"predecessor-version":[{"id":35431,"href":"https:\/\/www.jds.fr\/blog\/wp-json\/wp\/v2\/pages\/28310\/revisions\/35431"}],"up":[{"embeddable":true,"href":"https:\/\/www.jds.fr\/blog\/wp-json\/wp\/v2\/pages\/27484"}],"wp:attachment":[{"href":"https:\/\/www.jds.fr\/blog\/wp-json\/wp\/v2\/media?parent=28310"}],"curies":[{"name":"wp","href":"https:\/\/api.w.org\/{rel}","templated":true}]}}