{"id":28427,"date":"2024-06-28T15:04:07","date_gmt":"2024-06-28T13:04:07","guid":{"rendered":"https:\/\/www.jds.fr\/blog\/?page_id=28427"},"modified":"2024-09-02T17:13:59","modified_gmt":"2024-09-02T15:13:59","slug":"jds-newsletter-haut-rhin","status":"publish","type":"page","link":"https:\/\/www.jds.fr\/blog\/nos-solutions\/jds-newsletter-haut-rhin\/","title":{"rendered":"JDS Newsletter"},"content":{"rendered":"\t\t<div data-elementor-type=\"wp-page\" data-elementor-id=\"28427\" class=\"elementor elementor-28427\">\n\t\t\t\t\t\t<section class=\"elementor-section elementor-top-section elementor-element elementor-element-e5dc3e9 elementor-section-height-min-height elementor-section-full_width elementor-section-items-stretch elementor-section-content-middle elementor-section-height-default\" data-id=\"e5dc3e9\" data-element_type=\"section\" data-e-type=\"section\" data-settings=\"{&quot;background_background&quot;:&quot;classic&quot;}\">\r\n\t\t\t\t\t\t<div class=\"elementor-container elementor-column-gap-thegem\"><div class=\"elementor-row\">\r\n\t\t\t\t\t<div class=\"elementor-column elementor-col-50 elementor-top-column elementor-element elementor-element-f3d5487\" data-id=\"f3d5487\" data-element_type=\"column\" data-e-type=\"column\">\n\t\t\t<div class=\"elementor-widget-wrap elementor-element-populated\">\n\t\t\t\t\t\t<div class=\"elementor-element elementor-element-e7411fe elementor-widget__width-initial flex-horizontal-align-default flex-horizontal-align-tablet-default flex-horizontal-align-mobile-default flex-vertical-align-default flex-vertical-align-tablet-default flex-vertical-align-mobile-default elementor-widget elementor-widget-heading\" data-id=\"e7411fe\" data-element_type=\"widget\" data-e-type=\"widget\" data-widget_type=\"heading.default\">\n\t\t\t\t<div class=\"elementor-widget-container\">\n\t\t\t\t\t<h1 class=\"elementor-heading-title elementor-size-default\">JDS Newsletter : info locale, sorties, loisirs et art de vivre \u00e0 Mulhouse dans le Haut-Rhin<\/h1>\t\t\t\t<\/div>\n\t\t\t\t<\/div>\n\t\t\t\t<div class=\"elementor-element elementor-element-beb95f5 elementor-widget__width-initial flex-horizontal-align-default flex-horizontal-align-tablet-default flex-horizontal-align-mobile-default flex-vertical-align-default flex-vertical-align-tablet-default flex-vertical-align-mobile-default elementor-widget elementor-widget-text-editor\" data-id=\"beb95f5\" data-element_type=\"widget\" data-e-type=\"widget\" data-widget_type=\"text-editor.default\">\n\t\t\t\t<div class=\"elementor-widget-container\">\n\t\t\t\t\t\t\t\t\t\t\t\t<div class=\"elementor-text-editor elementor-clearfix\">\r\n\t\t\t\t\t\t<p class=\"mt-5 font-size-18 text-primary fw-bold\"><strong>Envoy\u00e9e de fa\u00e7on hebdomadaire \u00e0 16 000 abonn\u00e9s actifs. Vous pouvez communiquer en local directement dans la bo\u00eete mail des internautes !<\/strong><\/p>\t\t\t\t\t\t\t<\/div>\r\n\t\t\t\t\t\t\t\t\t\t<\/div>\n\t\t\t\t<\/div>\n\t\t\t\t<section class=\"elementor-section elementor-inner-section elementor-element elementor-element-b78d3ab elementor-section-boxed elementor-section-height-default elementor-section-height-default\" data-id=\"b78d3ab\" data-element_type=\"section\" data-e-type=\"section\">\r\n\t\t\t\t\t\t<div class=\"elementor-container elementor-column-gap-default\"><div class=\"elementor-row\">\r\n\t\t\t\t\t<div class=\"elementor-column elementor-col-50 elementor-inner-column elementor-element elementor-element-264e4a6\" data-id=\"264e4a6\" data-element_type=\"column\" data-e-type=\"column\">\n\t\t\t<div class=\"elementor-widget-wrap elementor-element-populated\">\n\t\t\t\t\t\t<div class=\"elementor-element elementor-element-f903f2d flex-horizontal-align-default flex-horizontal-align-tablet-default flex-horizontal-align-mobile-default flex-vertical-align-default flex-vertical-align-tablet-default flex-vertical-align-mobile-default elementor-invisible elementor-widget elementor-widget-thegem-styledbutton\" data-id=\"f903f2d\" data-element_type=\"widget\" data-e-type=\"widget\" data-settings=\"{&quot;_animation&quot;:&quot;fadeInRight&quot;,&quot;_animation_delay&quot;:200,&quot;thegem_button_skin&quot;:&quot;outline&quot;}\" data-widget_type=\"thegem-styledbutton.default\">\n\t\t\t\t<div class=\"elementor-widget-container\">\n\t\t\t\t\t\n<div class=\"gem-button-container gem-widget-button\">\n\n\t\t<a class=\"gem-button gem-button-size-medium gem-button-text-weight-bold gem-button-style-outline gem-button-border-3\" href=\"https:\/\/www.jds.fr\/medias\/article\/79899\/media\/jds-plaquette-commerciale.pdf\" target=\"_blank\">\n\t\t<span class=\"gem-inner-wrapper-btn\">\n\t\t\t\t\t\t<span class=\"gem-text-button\">\n\t\t\t\tVoir les tarifs\t\t\t<\/span>\n\t\t<\/span>\n\t<\/a>\n\n\t\n<\/div>\t\t\t\t<\/div>\n\t\t\t\t<\/div>\n\t\t\t\t\t<\/div>\n\t\t<\/div>\n\t\t\t\t<div class=\"elementor-column elementor-col-50 elementor-inner-column elementor-element elementor-element-4810d92\" data-id=\"4810d92\" data-element_type=\"column\" data-e-type=\"column\">\n\t\t\t<div class=\"elementor-widget-wrap elementor-element-populated\">\n\t\t\t\t\t\t<div class=\"elementor-element elementor-element-7569758 flex-horizontal-align-default flex-horizontal-align-tablet-default flex-horizontal-align-mobile-default flex-vertical-align-default flex-vertical-align-tablet-default flex-vertical-align-mobile-default elementor-invisible elementor-widget elementor-widget-thegem-styledbutton\" data-id=\"7569758\" data-element_type=\"widget\" data-e-type=\"widget\" data-settings=\"{&quot;_animation&quot;:&quot;fadeInRight&quot;,&quot;_animation_delay&quot;:200,&quot;thegem_button_skin&quot;:&quot;flat&quot;}\" data-widget_type=\"thegem-styledbutton.default\">\n\t\t\t\t<div class=\"elementor-widget-container\">\n\t\t\t\t\t\n<div class=\"gem-button-container gem-widget-button\">\n\n\t\t<a class=\"gem-button gem-button-size-medium gem-button-text-weight-bold gem-button-style-flat\" href=\"https:\/\/www.jds.fr\/blog\/nous-contacter\/\">\n\t\t<span class=\"gem-inner-wrapper-btn\">\n\t\t\t\t\t\t<span class=\"gem-text-button\">\n\t\t\t\tJe prends rendez-vous\t\t\t<\/span>\n\t\t<\/span>\n\t<\/a>\n\n\t\n<\/div>\t\t\t\t<\/div>\n\t\t\t\t<\/div>\n\t\t\t\t\t<\/div>\n\t\t<\/div>\n\t\t\t\t\t<\/div><\/div>\r\n\t\t<\/section>\r\n\t\t\t\t\t<\/div>\n\t\t<\/div>\n\t\t\t\t<div class=\"elementor-column elementor-col-50 elementor-top-column elementor-element elementor-element-89e9a68\" data-id=\"89e9a68\" data-element_type=\"column\" data-e-type=\"column\">\n\t\t\t<div class=\"elementor-widget-wrap elementor-element-populated\">\n\t\t\t\t\t\t<div class=\"elementor-element elementor-element-89480d4 flex-horizontal-align-default flex-horizontal-align-tablet-default flex-horizontal-align-mobile-default flex-vertical-align-default flex-vertical-align-tablet-default flex-vertical-align-mobile-default elementor-widget elementor-widget-image\" data-id=\"89480d4\" data-element_type=\"widget\" data-e-type=\"widget\" data-widget_type=\"image.default\">\n\t\t\t\t<div class=\"elementor-widget-container\">\n\t\t\t\t\t\t\t\t\t\t\t\t\t\t\t<img width=\"800\" height=\"450\" src=\"https:\/\/www.jds.fr\/blog\/wp-content\/uploads\/2024\/06\/jds-newsletter.jpg\" class=\"attachment-large size-large wp-image-28257\" alt=\"\" srcset=\"https:\/\/www.jds.fr\/blog\/wp-content\/uploads\/2024\/06\/jds-newsletter.jpg 800w, https:\/\/www.jds.fr\/blog\/wp-content\/uploads\/2024\/06\/jds-newsletter-300x169.jpg 300w, https:\/\/www.jds.fr\/blog\/wp-content\/uploads\/2024\/06\/jds-newsletter-768x432.jpg 768w\" sizes=\"(max-width: 800px) 100vw, 800px\" \/>\t\t\t\t\t\t\t\t\t\t\t\t\t\t\t<\/div>\n\t\t\t\t<\/div>\n\t\t\t\t\t<\/div>\n\t\t<\/div>\n\t\t\t\t\t<\/div><\/div>\r\n\t\t<\/section>\r\n\t\t\t\t<section class=\"elementor-section elementor-top-section elementor-element elementor-element-c5631af elementor-section-stretched elementor-section-boxed elementor-section-height-default elementor-section-height-default\" data-id=\"c5631af\" data-element_type=\"section\" data-e-type=\"section\" data-settings=\"{&quot;stretch_section&quot;:&quot;section-stretched&quot;,&quot;background_background&quot;:&quot;classic&quot;}\">\r\n\t\t\t\t\t\t<div class=\"elementor-container elementor-column-gap-thegem\"><div class=\"elementor-row\">\r\n\t\t\t\t\t<div class=\"elementor-column elementor-col-100 elementor-top-column elementor-element elementor-element-eaf3f5d\" data-id=\"eaf3f5d\" data-element_type=\"column\" data-e-type=\"column\">\n\t\t\t<div class=\"elementor-widget-wrap elementor-element-populated\">\n\t\t\t\t\t\t<div class=\"elementor-element elementor-element-bb67d12 flex-horizontal-align-default flex-horizontal-align-tablet-default flex-horizontal-align-mobile-default flex-vertical-align-default flex-vertical-align-tablet-default flex-vertical-align-mobile-default elementor-widget elementor-widget-heading\" data-id=\"bb67d12\" data-element_type=\"widget\" data-e-type=\"widget\" data-settings=\"{&quot;_animation&quot;:&quot;none&quot;}\" data-widget_type=\"heading.default\">\n\t\t\t\t<div class=\"elementor-widget-container\">\n\t\t\t\t\t<h2 class=\"elementor-heading-title elementor-size-default\">Vous avez envie de communiquer sur les r\u00e9seaux sociaux JDS ?<\/h2>\t\t\t\t<\/div>\n\t\t\t\t<\/div>\n\t\t\t\t<div class=\"elementor-element elementor-element-de84418 flex-horizontal-align-default flex-horizontal-align-tablet-default flex-horizontal-align-mobile-default flex-vertical-align-default flex-vertical-align-tablet-default flex-vertical-align-mobile-default elementor-widget elementor-widget-text-editor\" data-id=\"de84418\" data-element_type=\"widget\" data-e-type=\"widget\" data-widget_type=\"text-editor.default\">\n\t\t\t\t<div class=\"elementor-widget-container\">\n\t\t\t\t\t\t\t\t\t\t\t\t<div class=\"elementor-text-editor elementor-clearfix\">\r\n\t\t\t\t\t\t<p>Notre \u00e9quipe d&#8217;experts se tient \u00e0 votre disposition pour \u00e9tudier votre activit\u00e9 et vous conseiller afin de booster votre message en local.<\/p>\t\t\t\t\t\t\t<\/div>\r\n\t\t\t\t\t\t\t\t\t\t<\/div>\n\t\t\t\t<\/div>\n\t\t\t\t<div class=\"elementor-element elementor-element-08db2d2 flex-horizontal-align-default flex-horizontal-align-tablet-default flex-horizontal-align-mobile-default flex-vertical-align-default flex-vertical-align-tablet-default flex-vertical-align-mobile-default elementor-invisible elementor-widget elementor-widget-thegem-styledbutton\" data-id=\"08db2d2\" data-element_type=\"widget\" data-e-type=\"widget\" data-settings=\"{&quot;_animation&quot;:&quot;fadeInLeft&quot;,&quot;_animation_delay&quot;:200,&quot;thegem_button_skin&quot;:&quot;outline&quot;}\" data-widget_type=\"thegem-styledbutton.default\">\n\t\t\t\t<div class=\"elementor-widget-container\">\n\t\t\t\t\t\n<div class=\"gem-button-container gem-widget-button\">\n\n\t\t<a class=\"gem-button gem-button-size-medium gem-button-text-weight-bold gem-button-style-outline gem-button-border-3\" href=\"https:\/\/www.jds.fr\/blog\/nous-contacter\/\">\n\t\t<span class=\"gem-inner-wrapper-btn\">\n\t\t\t\t\t\t<span class=\"gem-text-button\">\n\t\t\t\tJe prends rendez-vous\t\t\t<\/span>\n\t\t<\/span>\n\t<\/a>\n\n\t\n<\/div>\t\t\t\t<\/div>\n\t\t\t\t<\/div>\n\t\t\t\t\t<\/div>\n\t\t<\/div>\n\t\t\t\t\t<\/div><\/div>\r\n\t\t<\/section>\r\n\t\t\t\t<\/div>\n\t\t","protected":false},"excerpt":{"rendered":"<p>JDS Newsletter : info locale, sorties, loisirs et art de vivre \u00e0 Mulhouse dans le Haut-Rhin Envoy\u00e9e de fa\u00e7on hebdomadaire&#8230;<\/p>\n","protected":false},"author":1,"featured_media":0,"parent":28181,"menu_order":2,"comment_status":"closed","ping_status":"closed","template":"page-fullwidth.php","meta":{"footnotes":""},"class_list":["post-28427","page","type-page","status-publish"],"yoast_head":"<!-- This site is optimized with the Yoast SEO plugin v26.9 - https:\/\/yoast.com\/product\/yoast-seo-wordpress\/ -->\n<title>JDS Newsletter : actus, sorties &amp; loisirs | M\u00e9dia \u00e0 Mulhouse (68)<\/title>\n<meta name=\"description\" content=\"Envoy\u00e9e de fa\u00e7on hebdomadaire \u00e0 16 000 abonn\u00e9s actifs, le JDS vous permet de communiquer directement dans les bo\u00eetes mails des alsaciens.\" \/>\n<meta name=\"robots\" content=\"index, follow, max-snippet:-1, max-image-preview:large, max-video-preview:-1\" \/>\n<link rel=\"canonical\" href=\"https:\/\/www.jds.fr\/blog\/nos-solutions\/jds-newsletter-haut-rhin\/\" \/>\n<meta property=\"og:locale\" content=\"fr_FR\" \/>\n<meta property=\"og:type\" content=\"article\" \/>\n<meta property=\"og:title\" content=\"JDS Newsletter : actus, sorties &amp; loisirs | M\u00e9dia \u00e0 Mulhouse (68)\" \/>\n<meta property=\"og:description\" content=\"Envoy\u00e9e de fa\u00e7on hebdomadaire \u00e0 16 000 abonn\u00e9s actifs, le JDS vous permet de communiquer directement dans les bo\u00eetes mails des alsaciens.\" \/>\n<meta property=\"og:url\" content=\"https:\/\/www.jds.fr\/blog\/nos-solutions\/jds-newsletter-haut-rhin\/\" \/>\n<meta property=\"og:site_name\" content=\"JDS M\u00e9dia\" \/>\n<meta property=\"article:modified_time\" content=\"2024-09-02T15:13:59+00:00\" \/>\n<meta property=\"og:image\" content=\"https:\/\/www.jds.fr\/blog\/wp-content\/uploads\/2024\/06\/jds-newsletter.jpg\" \/>\n<meta name=\"twitter:card\" content=\"summary_large_image\" \/>\n<meta name=\"twitter:label1\" content=\"Dur\u00e9e de lecture estim\u00e9e\" \/>\n\t<meta name=\"twitter:data1\" content=\"1 minute\" \/>\n<!-- \/ Yoast SEO plugin. -->","yoast_head_json":{"title":"JDS Newsletter : actus, sorties & loisirs | M\u00e9dia \u00e0 Mulhouse (68)","description":"Envoy\u00e9e de fa\u00e7on hebdomadaire \u00e0 16 000 abonn\u00e9s actifs, le JDS vous permet de communiquer directement dans les bo\u00eetes mails des alsaciens.","robots":{"index":"index","follow":"follow","max-snippet":"max-snippet:-1","max-image-preview":"max-image-preview:large","max-video-preview":"max-video-preview:-1"},"canonical":"https:\/\/www.jds.fr\/blog\/nos-solutions\/jds-newsletter-haut-rhin\/","og_locale":"fr_FR","og_type":"article","og_title":"JDS Newsletter : actus, sorties & loisirs | M\u00e9dia \u00e0 Mulhouse (68)","og_description":"Envoy\u00e9e de fa\u00e7on hebdomadaire \u00e0 16 000 abonn\u00e9s actifs, le JDS vous permet de communiquer directement dans les bo\u00eetes mails des alsaciens.","og_url":"https:\/\/www.jds.fr\/blog\/nos-solutions\/jds-newsletter-haut-rhin\/","og_site_name":"JDS M\u00e9dia","article_modified_time":"2024-09-02T15:13:59+00:00","og_image":[{"url":"https:\/\/www.jds.fr\/blog\/wp-content\/uploads\/2024\/06\/jds-newsletter.jpg","type":"","width":"","height":""}],"twitter_card":"summary_large_image","twitter_misc":{"Dur\u00e9e de lecture estim\u00e9e":"1 minute"},"schema":{"@context":"https:\/\/schema.org","@graph":[{"@type":"WebPage","@id":"https:\/\/www.jds.fr\/blog\/nos-solutions\/jds-newsletter-haut-rhin\/","url":"https:\/\/www.jds.fr\/blog\/nos-solutions\/jds-newsletter-haut-rhin\/","name":"JDS Newsletter : actus, sorties & loisirs | M\u00e9dia \u00e0 Mulhouse (68)","isPartOf":{"@id":"https:\/\/www.jds.fr\/blog\/#website"},"primaryImageOfPage":{"@id":"https:\/\/www.jds.fr\/blog\/nos-solutions\/jds-newsletter-haut-rhin\/#primaryimage"},"image":{"@id":"https:\/\/www.jds.fr\/blog\/nos-solutions\/jds-newsletter-haut-rhin\/#primaryimage"},"thumbnailUrl":"https:\/\/www.jds.fr\/blog\/wp-content\/uploads\/2024\/06\/jds-newsletter.jpg","datePublished":"2024-06-28T13:04:07+00:00","dateModified":"2024-09-02T15:13:59+00:00","description":"Envoy\u00e9e de fa\u00e7on hebdomadaire \u00e0 16 000 abonn\u00e9s actifs, le JDS vous permet de communiquer directement dans les bo\u00eetes mails des alsaciens.","breadcrumb":{"@id":"https:\/\/www.jds.fr\/blog\/nos-solutions\/jds-newsletter-haut-rhin\/#breadcrumb"},"inLanguage":"fr-FR","potentialAction":[{"@type":"ReadAction","target":["https:\/\/www.jds.fr\/blog\/nos-solutions\/jds-newsletter-haut-rhin\/"]}]},{"@type":"ImageObject","inLanguage":"fr-FR","@id":"https:\/\/www.jds.fr\/blog\/nos-solutions\/jds-newsletter-haut-rhin\/#primaryimage","url":"https:\/\/www.jds.fr\/blog\/wp-content\/uploads\/2024\/06\/jds-newsletter.jpg","contentUrl":"https:\/\/www.jds.fr\/blog\/wp-content\/uploads\/2024\/06\/jds-newsletter.jpg","width":800,"height":450},{"@type":"BreadcrumbList","@id":"https:\/\/www.jds.fr\/blog\/nos-solutions\/jds-newsletter-haut-rhin\/#breadcrumb","itemListElement":[{"@type":"ListItem","position":1,"name":"Accueil","item":"https:\/\/www.jds.fr\/blog\/"},{"@type":"ListItem","position":2,"name":"Nos solutions","item":"https:\/\/www.jds.fr\/blog\/nos-solutions\/"},{"@type":"ListItem","position":3,"name":"JDS Newsletter"}]},{"@type":"WebSite","@id":"https:\/\/www.jds.fr\/blog\/#website","url":"https:\/\/www.jds.fr\/blog\/","name":"JDS M\u00e9dia","description":"","potentialAction":[{"@type":"SearchAction","target":{"@type":"EntryPoint","urlTemplate":"https:\/\/www.jds.fr\/blog\/?s={search_term_string}"},"query-input":{"@type":"PropertyValueSpecification","valueRequired":true,"valueName":"search_term_string"}}],"inLanguage":"fr-FR"}]}},"_links":{"self":[{"href":"https:\/\/www.jds.fr\/blog\/wp-json\/wp\/v2\/pages\/28427","targetHints":{"allow":["GET"]}}],"collection":[{"href":"https:\/\/www.jds.fr\/blog\/wp-json\/wp\/v2\/pages"}],"about":[{"href":"https:\/\/www.jds.fr\/blog\/wp-json\/wp\/v2\/types\/page"}],"author":[{"embeddable":true,"href":"https:\/\/www.jds.fr\/blog\/wp-json\/wp\/v2\/users\/1"}],"replies":[{"embeddable":true,"href":"https:\/\/www.jds.fr\/blog\/wp-json\/wp\/v2\/comments?post=28427"}],"version-history":[{"count":11,"href":"https:\/\/www.jds.fr\/blog\/wp-json\/wp\/v2\/pages\/28427\/revisions"}],"predecessor-version":[{"id":28796,"href":"https:\/\/www.jds.fr\/blog\/wp-json\/wp\/v2\/pages\/28427\/revisions\/28796"}],"up":[{"embeddable":true,"href":"https:\/\/www.jds.fr\/blog\/wp-json\/wp\/v2\/pages\/28181"}],"wp:attachment":[{"href":"https:\/\/www.jds.fr\/blog\/wp-json\/wp\/v2\/media?parent=28427"}],"curies":[{"name":"wp","href":"https:\/\/api.w.org\/{rel}","templated":true}]}}