{"id":28526,"date":"2024-07-03T17:08:49","date_gmt":"2024-07-03T15:08:49","guid":{"rendered":"https:\/\/www.jds.fr\/blog\/?page_id=28526"},"modified":"2024-07-04T10:49:32","modified_gmt":"2024-07-04T08:49:32","slug":"charte-de-responsabilite","status":"publish","type":"page","link":"https:\/\/www.jds.fr\/blog\/charte-de-responsabilite\/","title":{"rendered":"Charte de responsabilit\u00e9"},"content":{"rendered":"\n<p>Info R\u00e9gion \u00c9ditions est \u00e9diteur du JDS, le 1er m\u00e9dia sorties, loisirs &amp; art de vivre en Alsace. Sa vocation est d\u2019aider les particuliers \u00e0 la recherche de sorties et activit\u00e9s mais aussi d\u2019aider les professionnels (clients, partenaires, prestataires) dans leur relation clients.<\/p>\n\n\n\n<p>Notre objectif en tant qu\u2019\u00e9diteur de contenus et d\u2019agence de communication digitale est d\u2019assurer une collaboration \u00e9quilibr\u00e9e et respectueuse entre les parties. Nous incitons ainsi tous nos clients, r\u00e9gies, affili\u00e9s et partenaires \u00e0 adopter les bons comportements et \u00e0 suivre les 7 principes que nous d\u00e9fendons.<\/p>\n\n\n\n<h2 class=\"wp-block-heading\">1. Respect et bienveillance<\/h2>\n\n\n\n<p>Nous travaillons avec des partenaires et des clients qui pr\u00f4nent un discours \u00e9quilibr\u00e9, respectueux et bienveillant. Nous ne travaillons pas avec des partenaires susceptibles de diffuser des contenus haineux, agressifs ou portant atteinte \u00e0 la loi (protection des mineurs, lutte contre la discrimination). Nous exigeons de nos partenaires qu\u2019ils prennent toutes les mesures pour pr\u00e9venir tout contenu violent, pornographique ou inappropri\u00e9.<\/p>\n\n\n\n<h2 class=\"wp-block-heading\">2. V\u00e9racit\u00e9 de l&#8217;information<\/h2>\n\n\n\n<p>Nous nous effor\u00e7ons de fournir aux internautes une information \u00e0 jour, r\u00e9pondant \u00e0 leurs besoins. De leur c\u00f4t\u00e9, nos partenaires m\u00e9dias doivent faire leur maximum pour garantir aux internautes des faits av\u00e9r\u00e9s, factuels et de sources s\u00fbres. Ainsi nous permettons au public de b\u00e9n\u00e9ficier d\u2019informations de qualit\u00e9 et d&#8217;enrayer la d\u00e9sinformation.<\/p>\n\n\n\n<h2 class=\"wp-block-heading\">3. Publicit\u00e9 respectueuse des utilisateurs et des lois<\/h2>\n\n\n\n<p>Nous assurons \u00e0 nos partenaires une communication digitale dans un contexte \u00e9ditorial qualitatif, avec un encombrement publicitaire acceptable pour l\u2019utilisateur.<\/p>\n\n\n\n<p>Nous nous effor\u00e7ons de donner le maximum d\u2019informations \u00e0 nos annonceurs concernant leurs campagnes afin qu\u2019ils puissent prendre des d\u00e9cisions en toute transparence. Nous mettons \u00e0 disposition toute information permettant le respect des lois et des CGV d\u2019Info R\u00e9gion \u00c9ditions, dans un but de collaboration saine et professionnelle.<\/p>\n\n\n\n<h2 class=\"wp-block-heading\">4. Protection des donn\u00e9es personnelles<\/h2>\n\n\n\n<p>Nous veillons \u00e0 ce que le R\u00e8glement de la Protection des Donn\u00e9es en vigueur (RGPD) soit appliqu\u00e9 par l\u2019ensemble de nos partenaires. Cela n\u00e9cessite que la collecte d\u2019informations personnelles respecte les r\u00e9glementations applicables mais \u00e9galement que leur utilisation se fasse dans le cadre d\u2019une diffusion publicitaire \u00e9thique et responsable.<\/p>\n\n\n\n<h2 class=\"wp-block-heading\">5. Lutte contre la fraude<\/h2>\n\n\n\n<p>Le monde des m\u00e9dias digitaux est fortement soumis \u00e0 de la fraude publicitaire pouvant nuire \u00e0 chaque partie prenante. Nous assurons des contr\u00f4les r\u00e9guliers gr\u00e2ce \u00e0 nos partenaires technologiques (Google Analytics) et CRM propri\u00e9taire, d\u00e9di\u00e9s \u00e0 la recherche de comportements frauduleux.<\/p>\n\n\n\n<h2 class=\"wp-block-heading\">6. Responsabilit\u00e9<\/h2>\n\n\n\n<p>Nous basons nos partenariats sur la confiance afin de permettre une collaboration saine et respectueuse. Ainsi, nous exigeons que chaque partie prenante \u2013 annonceurs, agences, r\u00e9gies, \u00e9diteurs ou affili\u00e9s \u2013 reconnaisse sa responsabilit\u00e9 dans l\u2019application des r\u00e8gles, demandes et lois.<\/p>\n\n\n\n<h2 class=\"wp-block-heading\">7. Dialogue<\/h2>\n\n\n\n<p>Chez Info R\u00e9gion \u00c9ditions nous pensons que l\u2019accompagnement, le dialogue et la diffusion d\u2019informations est le ma\u00eetre mot pour assurer l\u2019application de ces principes.<\/p>\n\n\n\n<p><em>Info R\u00e9gion \u00c9ditions, \u00e9diteur du magazine JDS et du site jds.fr, 28 rue Fran\u00e7ois Spoerry, 68100 Mulhouse.<\/em><\/p>\n","protected":false},"excerpt":{"rendered":"<p>Info R\u00e9gion \u00c9ditions est \u00e9diteur du JDS, le 1er m\u00e9dia sorties, loisirs &amp; art de vivre en Alsace. Sa vocation&#8230;<\/p>\n","protected":false},"author":1,"featured_media":0,"parent":0,"menu_order":15,"comment_status":"closed","ping_status":"closed","template":"page-fullwidth.php","meta":{"footnotes":""},"class_list":["post-28526","page","type-page","status-publish"],"yoast_head":"<!-- This site is optimized with the Yoast SEO plugin v26.9 - https:\/\/yoast.com\/product\/yoast-seo-wordpress\/ -->\n<title>Charte de responsabilit\u00e9 - JDS M\u00e9dia<\/title>\n<meta name=\"robots\" content=\"index, follow, max-snippet:-1, max-image-preview:large, max-video-preview:-1\" \/>\n<link rel=\"canonical\" href=\"https:\/\/www.jds.fr\/blog\/charte-de-responsabilite\/\" \/>\n<meta property=\"og:locale\" content=\"fr_FR\" \/>\n<meta property=\"og:type\" content=\"article\" \/>\n<meta property=\"og:title\" content=\"Charte de responsabilit\u00e9 - JDS M\u00e9dia\" \/>\n<meta property=\"og:description\" content=\"Info R\u00e9gion \u00c9ditions est \u00e9diteur du JDS, le 1er m\u00e9dia sorties, loisirs &amp; art de vivre en Alsace. Sa vocation...\" \/>\n<meta property=\"og:url\" content=\"https:\/\/www.jds.fr\/blog\/charte-de-responsabilite\/\" \/>\n<meta property=\"og:site_name\" content=\"JDS M\u00e9dia\" \/>\n<meta property=\"article:modified_time\" content=\"2024-07-04T08:49:32+00:00\" \/>\n<meta name=\"twitter:card\" content=\"summary_large_image\" \/>\n<meta name=\"twitter:label1\" content=\"Dur\u00e9e de lecture estim\u00e9e\" \/>\n\t<meta name=\"twitter:data1\" content=\"3 minutes\" \/>\n<!-- \/ Yoast SEO plugin. -->","yoast_head_json":{"title":"Charte de responsabilit\u00e9 - JDS M\u00e9dia","robots":{"index":"index","follow":"follow","max-snippet":"max-snippet:-1","max-image-preview":"max-image-preview:large","max-video-preview":"max-video-preview:-1"},"canonical":"https:\/\/www.jds.fr\/blog\/charte-de-responsabilite\/","og_locale":"fr_FR","og_type":"article","og_title":"Charte de responsabilit\u00e9 - JDS M\u00e9dia","og_description":"Info R\u00e9gion \u00c9ditions est \u00e9diteur du JDS, le 1er m\u00e9dia sorties, loisirs &amp; art de vivre en Alsace. Sa vocation...","og_url":"https:\/\/www.jds.fr\/blog\/charte-de-responsabilite\/","og_site_name":"JDS M\u00e9dia","article_modified_time":"2024-07-04T08:49:32+00:00","twitter_card":"summary_large_image","twitter_misc":{"Dur\u00e9e de lecture estim\u00e9e":"3 minutes"},"schema":{"@context":"https:\/\/schema.org","@graph":[{"@type":"WebPage","@id":"https:\/\/www.jds.fr\/blog\/charte-de-responsabilite\/","url":"https:\/\/www.jds.fr\/blog\/charte-de-responsabilite\/","name":"Charte de responsabilit\u00e9 - JDS M\u00e9dia","isPartOf":{"@id":"https:\/\/www.jds.fr\/blog\/#website"},"datePublished":"2024-07-03T15:08:49+00:00","dateModified":"2024-07-04T08:49:32+00:00","breadcrumb":{"@id":"https:\/\/www.jds.fr\/blog\/charte-de-responsabilite\/#breadcrumb"},"inLanguage":"fr-FR","potentialAction":[{"@type":"ReadAction","target":["https:\/\/www.jds.fr\/blog\/charte-de-responsabilite\/"]}]},{"@type":"BreadcrumbList","@id":"https:\/\/www.jds.fr\/blog\/charte-de-responsabilite\/#breadcrumb","itemListElement":[{"@type":"ListItem","position":1,"name":"Accueil","item":"https:\/\/www.jds.fr\/blog\/"},{"@type":"ListItem","position":2,"name":"Charte de responsabilit\u00e9"}]},{"@type":"WebSite","@id":"https:\/\/www.jds.fr\/blog\/#website","url":"https:\/\/www.jds.fr\/blog\/","name":"JDS M\u00e9dia","description":"","potentialAction":[{"@type":"SearchAction","target":{"@type":"EntryPoint","urlTemplate":"https:\/\/www.jds.fr\/blog\/?s={search_term_string}"},"query-input":{"@type":"PropertyValueSpecification","valueRequired":true,"valueName":"search_term_string"}}],"inLanguage":"fr-FR"}]}},"_links":{"self":[{"href":"https:\/\/www.jds.fr\/blog\/wp-json\/wp\/v2\/pages\/28526","targetHints":{"allow":["GET"]}}],"collection":[{"href":"https:\/\/www.jds.fr\/blog\/wp-json\/wp\/v2\/pages"}],"about":[{"href":"https:\/\/www.jds.fr\/blog\/wp-json\/wp\/v2\/types\/page"}],"author":[{"embeddable":true,"href":"https:\/\/www.jds.fr\/blog\/wp-json\/wp\/v2\/users\/1"}],"replies":[{"embeddable":true,"href":"https:\/\/www.jds.fr\/blog\/wp-json\/wp\/v2\/comments?post=28526"}],"version-history":[{"count":1,"href":"https:\/\/www.jds.fr\/blog\/wp-json\/wp\/v2\/pages\/28526\/revisions"}],"predecessor-version":[{"id":28527,"href":"https:\/\/www.jds.fr\/blog\/wp-json\/wp\/v2\/pages\/28526\/revisions\/28527"}],"wp:attachment":[{"href":"https:\/\/www.jds.fr\/blog\/wp-json\/wp\/v2\/media?parent=28526"}],"curies":[{"name":"wp","href":"https:\/\/api.w.org\/{rel}","templated":true}]}}