{"id":3,"date":"2020-09-18T16:11:57","date_gmt":"2020-09-18T14:11:57","guid":{"rendered":"https:\/\/www2.jds.fr\/fanpilot\/?page_id=3"},"modified":"2025-09-23T15:30:34","modified_gmt":"2025-09-23T13:30:34","slug":"mentions-legales","status":"publish","type":"page","link":"https:\/\/www.jds.fr\/blog\/mentions-legales\/","title":{"rendered":"Mentions l\u00e9gales"},"content":{"rendered":"\n<h2 class=\"wp-block-heading\">Editeur&nbsp;<\/h2>\n\n\n\n<p><strong>Info R\u00e9gion Editions&nbsp;<\/strong><br>SARL au capital de social de 20 000\u20ac&nbsp;<br>SIRET&nbsp;: 39380559300042&nbsp;<br>28 rue Fran\u00e7ois Spoerry &#8211; 68100 Mulhouse, France&nbsp;<br>info@jds.fr&nbsp;<\/p>\n\n\n\n<p>Directeur de la publication&nbsp;: Jean-Marc HENNI&nbsp;<br>D\u00e9l\u00e9gu\u00e9 \u00e0 la protection des donn\u00e9es&nbsp;: Jean-Marc&nbsp;Henni \u2013&nbsp;dpo@jds.fr&nbsp;<\/p>\n\n\n\n<h2 class=\"wp-block-heading\">H\u00e9bergeur&nbsp;<\/h2>\n\n\n\n<p><strong>OVH SAS&nbsp;<\/strong><br>2 rue Kellermann, 59100 Roubaix &#8211; France&nbsp;<br>T\u00e9l&nbsp;: 1007&nbsp;<\/p>\n\n\n\n<h2 class=\"wp-block-heading\">D\u00e9finitions&nbsp;<\/h2>\n\n\n\n<p><strong>Contenu&nbsp;:&nbsp;<\/strong>Ensemble des \u00e9l\u00e9ments constituants l\u2019information pr\u00e9sente sur le Site, notamment textes \u2013 images \u2013 vid\u00e9os.&nbsp;<\/p>\n\n\n\n<p><strong>Informations&nbsp;:&nbsp;<\/strong>l\u2019ensemble des donn\u00e9es personnelles susceptibles d\u2019\u00eatre d\u00e9tenues par&nbsp;jds.fr pour la gestion de votre compte et \u00e0 des fins d\u2019analyses et de statistiques.&nbsp;<\/p>\n\n\n\n<p><strong>Utilisateur&nbsp;:&nbsp;<\/strong>Internaute se connectant, utilisant le site susnomm\u00e9.&nbsp;<\/p>\n\n\n\n<p><strong>Informations personnelles&nbsp;:&nbsp;<\/strong>\u00ab Les informations qui permettent, sous quelque forme que ce soit, directement ou non, l&#8217;identification des personnes physiques auxquelles elles s&#8217;appliquent \u00bb (article 4 de la loi n\u00b0 78-17 du 6 janvier 1978).&nbsp;<\/p>\n\n\n\n<p>Les termes \u00ab donn\u00e9es \u00e0 caract\u00e8re personnel \u00bb, \u00ab personne concern\u00e9e \u00bb, \u00ab sous traitant \u00bb et \u00ab donn\u00e9es sensibles \u00bb ont le sens d\u00e9fini par le R\u00e8glement G\u00e9n\u00e9ral sur la Protection des Donn\u00e9es (RGPD&nbsp;: n\u00b0 2016-679)<\/p>\n\n\n\n<h2 class=\"wp-block-heading\">Conditions g\u00e9n\u00e9rales d\u2019utilisation du site&nbsp;<\/h2>\n\n\n\n<p>Le Site constitue une \u0153uvre de l\u2019esprit prot\u00e9g\u00e9e par les dispositions du Code de la Propri\u00e9t\u00e9 Intellectuelle et des R\u00e9glementations Internationales applicables. L&#8217;utilisateur ne peut en aucune mani\u00e8re r\u00e9utiliser, c\u00e9der ou exploiter pour son propre compte tout ou partie des \u00e9l\u00e9ments ou travaux du Site.&nbsp;<\/p>\n\n\n\n<p>L\u2019utilisation du site jds.fr implique l\u2019acceptation pleine et enti\u00e8re des conditions g\u00e9n\u00e9rales d\u2019utilisation ci-apr\u00e8s d\u00e9crites. Ces conditions d\u2019utilisation sont susceptibles d\u2019\u00eatre modifi\u00e9es ou compl\u00e9t\u00e9es \u00e0 tout moment, les utilisateurs du site jds.fr sont donc invit\u00e9s \u00e0 les consulter de mani\u00e8re r\u00e9guli\u00e8re.&nbsp;<\/p>\n\n\n\n<p>Ce site internet est normalement accessible \u00e0 tout moment aux utilisateurs. Une interruption pour raison de maintenance technique peut \u00eatre toutefois d\u00e9cid\u00e9e par&nbsp;jds.fr, qui s\u2019efforcera alors de communiquer pr\u00e9alablement aux utilisateurs les dates et heures de l\u2019intervention. Le site web jds.fr est mis \u00e0 jour&nbsp;r\u00e9guli\u00e8rement par&nbsp;l\u2019\u00e9quipe&nbsp;d\u2019Info R\u00e9gion Editions. De&nbsp;la m\u00eame fa\u00e7on, les mentions l\u00e9gales peuvent \u00eatre modifi\u00e9es \u00e0 tout moment&nbsp;: elles s\u2019imposent n\u00e9anmoins \u00e0 l\u2019utilisateur qui est invit\u00e9 \u00e0 s\u2019y r\u00e9f\u00e9rer le plus souvent possible afin d\u2019en prendre connaissance.&nbsp;<\/p>\n\n\n\n<p>Le site utilise la technologie JavaScript. Le site Internet ne pourra \u00eatre tenu responsable de dommages mat\u00e9riels li\u00e9s \u00e0 l\u2019utilisation du site. De plus, l\u2019utilisateur du site s\u2019engage \u00e0 acc\u00e9der au site en utilisant un mat\u00e9riel r\u00e9cent, ne contenant pas de virus et avec un navigateur de derni\u00e8re g\u00e9n\u00e9ration mis-\u00e0-jour Le site&nbsp;jds.fr est h\u00e9berg\u00e9 chez un prestataire sur le territoire de l\u2019Union Europ\u00e9enne conform\u00e9ment aux dispositions du R\u00e8glement G\u00e9n\u00e9ral sur la Protection des Donn\u00e9es (RGPD&nbsp;: n\u00b0 2016-679)&nbsp;<br>L\u2019objectif est d\u2019apporter une prestation qui assure le meilleur taux d\u2019accessibilit\u00e9. L\u2019h\u00e9bergeur assure la continuit\u00e9 de son service 24 Heures sur 24, tous les jours de l\u2019ann\u00e9e. Il se r\u00e9serve n\u00e9anmoins la possibilit\u00e9 d\u2019interrompre le service d\u2019h\u00e9bergement pour les dur\u00e9es les plus courtes possibles notamment \u00e0 des fins de maintenance, d\u2019am\u00e9lioration de ses infrastructures, de d\u00e9faillance de ses infrastructures ou si les Prestations et Services g\u00e9n\u00e8rent un trafic r\u00e9put\u00e9 anormal.&nbsp;<\/p>\n\n\n\n<p>Jds.fr et l\u2019h\u00e9bergeur ne pourront \u00eatre tenus responsables en cas de dysfonctionnement du r\u00e9seau Internet, des lignes t\u00e9l\u00e9phoniques ou du mat\u00e9riel informatique et de t\u00e9l\u00e9phonie li\u00e9 notamment \u00e0 l\u2019encombrement du r\u00e9seau emp\u00eachant l\u2019acc\u00e8s au serveur.&nbsp;<\/p>\n\n\n\n<h2 class=\"wp-block-heading\">Propri\u00e9t\u00e9 intellectuelle et droits d\u2019auteur&nbsp;<\/h2>\n\n\n\n<p>L\u2019ensemble de ce site rel\u00e8ve des l\u00e9gislations fran\u00e7aises et internationales sur les droits d\u2019auteur et la propri\u00e9t\u00e9 intellectuelle.&nbsp;<br>L\u2019ensemble des donn\u00e9es et des informations publi\u00e9es sur le site www.jds.fr, \u00e0 savoir tous les textes, images et vid\u00e9os, ainsi que la structure du site sont la propri\u00e9t\u00e9 exclusive de la soci\u00e9t\u00e9&nbsp;Info R\u00e9gion Editions.&nbsp;<br>Conform\u00e9ment au Code de la Propri\u00e9t\u00e9 Intellectuelle, tout droit de reproduction de tout ou partie du contenu du site www.jds.fr est interdit.&nbsp;<br>Seules sont autoris\u00e9es, \u00e0 titre non exclusif, les copies ou reproductions strictement r\u00e9serv\u00e9es \u00e0 l\u2019usage priv\u00e9 du copiste et non destin\u00e9es \u00e0 une utilisation collective. Toute publication, mise en r\u00e9seau ou commercialisation du contenu, sans l\u2019autorisation pr\u00e9alable de la soci\u00e9t\u00e9&nbsp;Info R\u00e9gion Editions, est strictement interdite.&nbsp;<\/p>\n\n\n\n<h2 class=\"wp-block-heading\">Limitations de responsabilit\u00e9<\/h2>\n\n\n\n<p>Info R\u00e9gion Editions&nbsp;agit en tant qu\u2019\u00e9diteur du site.&nbsp;jds.fr&nbsp;et est responsable de la qualit\u00e9 et de la v\u00e9racit\u00e9 du Contenu qu\u2019il publie.&nbsp;<br>Les informations figurant sur le site www.jds.fr sont donn\u00e9es \u00e0 titre indicatif.&nbsp;<\/p>\n\n\n\n<p>Jds.fr apporte tous les soins \u00e0 la constitution et \u00e0 la mise \u00e0 jour des r\u00e9dactionnels et de la base de donn\u00e9es, mais ne peut pas garantir l\u2019exhaustivit\u00e9 et l\u2019exactitude des informations. En cons\u00e9quence,&nbsp;Jds.fr vous recommande d&#8217;utiliser ces r\u00e9sultats avec toute la prudence n\u00e9cessaire.&nbsp;<\/p>\n\n\n\n<p>Jds.fr ne pourra en aucun cas \u00eatre tenu pour responsable en cas d\u2019erreur d\u2019informations (horaires inexacts, tarifs erron\u00e9s, m\u00e9thodes erron\u00e9es, erreurs r\u00e9dactionnelles, etc&#8230;) ou en cas de dommages li\u00e9s \u00e0 ces informations. Nous vous recommandons de contacter des professionnels avant toute action.&nbsp;<\/p>\n\n\n\n<p>Jds.fr ne pourra \u00eatre tenu responsable des dommages directs et indirects caus\u00e9s au mat\u00e9riel de l\u2019utilisateur, lors de l\u2019acc\u00e8s au site internet&nbsp;jds.fr, et r\u00e9sultant soit de l\u2019utilisation d\u2019un mat\u00e9riel ne r\u00e9pondant pas aux sp\u00e9cifications indiqu\u00e9es, soit de l\u2019apparition d\u2019un bug ou d\u2019une incompatibilit\u00e9.&nbsp;<\/p>\n\n\n\n<p>Jds.fr ne pourra \u00e9galement \u00eatre tenu responsable des dommages indirects (tels par exemple qu\u2019une perte de march\u00e9 ou perte d\u2019une chance) cons\u00e9cutifs \u00e0 l\u2019utilisation du site jds.fr. Des espaces interactifs (possibilit\u00e9 de poser des questions dans l\u2019espace contact) sont \u00e0 la disposition des utilisateurs.&nbsp;jds.fr se r\u00e9serve le droit de supprimer, sans mise en demeure pr\u00e9alable, tout contenu d\u00e9pos\u00e9 dans cet espace qui contreviendrait \u00e0 la l\u00e9gislation applicable en France,&nbsp;en particulier aux dispositions relatives \u00e0 la protection des donn\u00e9es. Le cas \u00e9ch\u00e9ant,&nbsp;jds.fr se r\u00e9serve \u00e9galement la possibilit\u00e9 de mettre en cause la responsabilit\u00e9 civile et\/ou p\u00e9nale de l\u2019utilisateur, notamment en cas de message \u00e0 caract\u00e8re raciste, injurieux, diffamant, ou pornographique, quel que soit le support utilis\u00e9 (texte, photographie \u2026).&nbsp;<\/p>\n\n\n\n<h2 class=\"wp-block-heading\">Notification d\u2019incident&nbsp;<\/h2>\n\n\n\n<p>Quels que soient les efforts fournis, aucune m\u00e9thode de transmission sur Internet et aucune m\u00e9thode de stockage \u00e9lectronique n&#8217;est compl\u00e8tement s\u00fbre. Nous ne pouvons en cons\u00e9quence pas garantir une s\u00e9curit\u00e9 absolue. Si nous prenions connaissance d&#8217;une br\u00e8che de la s\u00e9curit\u00e9, nous avertirions les utilisateurs concern\u00e9s afin qu&#8217;ils puissent prendre les mesures appropri\u00e9es. Nos proc\u00e9dures de notification d\u2019incident tiennent compte de nos obligations l\u00e9gales, qu&#8217;elles se situent au niveau national ou europ\u00e9en.<\/p>\n\n\n\n<p>Nous nous engageons \u00e0 informer pleinement nos utilisateurs de toutes les questions relevant de la s\u00e9curit\u00e9 de leur compte et \u00e0 leur fournir toutes les informations n\u00e9cessaires pour les aider \u00e0 respecter leurs propres obligations r\u00e9glementaires en mati\u00e8re de&nbsp;reporting.&nbsp;<br>Aucune information personnelle de l&#8217;utilisateur du site jds.fr n&#8217;est publi\u00e9e \u00e0 l&#8217;insu de l&#8217;utilisateur, \u00e9chang\u00e9e, transf\u00e9r\u00e9e, c\u00e9d\u00e9e ou vendue sur un support quelconque \u00e0 des tiers. Seule l&#8217;hypoth\u00e8se du rachat de&nbsp;jds.fr et de ses droits permettrait la transmission des dites informations \u00e0 l&#8217;\u00e9ventuel acqu\u00e9reur qui serait \u00e0 son tour tenu de la m\u00eame obligation de conservation et de modification des donn\u00e9es vis \u00e0 vis de l&#8217;utilisateur du site jds.fr.&nbsp;<\/p>\n\n\n\n<h2 class=\"wp-block-heading\">S\u00e9curit\u00e9&nbsp;<\/h2>\n\n\n\n<p>Pour assurer la s\u00e9curit\u00e9 et la confidentialit\u00e9 des Donn\u00e9es Personnelles et des Donn\u00e9es Personnelles de Sant\u00e9,&nbsp;jds.fr utilise des r\u00e9seaux prot\u00e9g\u00e9s par des dispositifs standards tels que par pare-feu, la&nbsp;pseudonymisation, l\u2019encryption&nbsp;et mot de passe.&nbsp;<br>Lors du traitement des Donn\u00e9es Personnelles,&nbsp;jds.fr&nbsp;prend toutes les mesures raisonnables visant \u00e0 les prot\u00e9ger contre toute perte, utilisation d\u00e9tourn\u00e9e, acc\u00e8s non autoris\u00e9, divulgation, alt\u00e9ration ou destruction.&nbsp;<br>Droit applicable et attribution de juridiction&nbsp;<br>Tout litige en relation avec l\u2019utilisation du site jds.fr est soumis au droit fran\u00e7ais. En dehors des cas o\u00f9 la loi ne le permet pas, il est fait attribution exclusive de juridiction aux tribunaux comp\u00e9tents de Mulhouse&nbsp;(Haut-Rhin, France).&nbsp;<\/p>\n\n\n\n<h2 class=\"wp-block-heading\">Politique de confidentialit\u00e9<\/h2>\n\n\n\n<p>L&#8217;espace Organisateur fournit des services gratuits \u00e0 ses utilisateurs via des technologies partenaires.<\/p>\n\n\n\n<p><strong>Connexion via Facebook<\/strong><br>L&#8217;utilisateur a la possibilit\u00e9 de se connecter ou de cr\u00e9er un compte organisateur via son compte Facebook. Le JDS utilise les informations suivantes du compte Facebook pour cr\u00e9er le compte organisateur&nbsp;: Pr\u00e9nom, Nom, Email.<\/p>\n\n\n\n<p>L&#8217;adresse Email servira d&#8217;identifiant de connexion et de permettre au JDS de communiquer avec l&#8217;Organisateur.&nbsp;Le Pr\u00e9nom et le Nom (informations du profile public) serviront \u00e0 personnaliser les messages envoy\u00e9s via l&#8217;Espace Organisateur.<\/p>\n\n\n\n<p>L&#8217;utilisateur peut \u00e0 tout moment demander la suppression de son compte en \u00e9crivant \u00e0 l&#8217;adresse dpo@jds.fr.<\/p>\n\n\n\n<p><strong>Connexion via Google<\/strong><br>L&#8217;utilisateur a la possibilit\u00e9 de se connecter ou de cr\u00e9er un compte organisateur via son compte Google.&nbsp;Le JDS utilise les informations suivantes du compte Facebook pour cr\u00e9er le compte organisateur&nbsp;: Pr\u00e9nom, Nom, Email. L&#8217;utilisateur peut \u00e0 tout moment demander la suppression de son compte en \u00e9crivant \u00e0 l&#8217;adresse dpo@jds.fr.<\/p>\n\n\n\n<p>L&#8217;adresse Email servira d&#8217;identifiant de connexion et de permettre au JDS de communiquer avec l&#8217;Organisateur.&nbsp;Le Pr\u00e9nom et le Nom serviront \u00e0 personnaliser les messages envoy\u00e9s via l&#8217;Espace Organisateur.<\/p>\n\n\n\n<p><a href=\"https:\/\/www.jds.fr\/blog\/cookies\/\">En savoir plus sur la gestion des cookies<\/a><\/p>\n\n\n\n<p><strong>Mplusinfo<br><\/strong>Dans le cadre d&#8217;un partenariat avec le site Mplusinfo.fr et Jds.fr, tout \u00e9v\u00e9nement publi\u00e9 via l&#8217;Espace Organisateur ayant lieu dans la ville de Mulhouse (CP 68100 + 68200) sera publi\u00e9 \u00e9galement sur le site Mplusinfo.fr.<\/p>\n\n\n\n<h2 class=\"wp-block-heading\">Suppression des donn\u00e9es<\/h2>\n\n\n\n<p>L&#8217;utilisateur peut \u00e0 tout moment demander la suppression de ses donn\u00e9es en \u00e9crivant \u00e0 l&#8217;adresse dpo@jds.fr.<\/p>\n\n\n\n<h2 class=\"wp-block-heading\">Affiliation<\/h2>\n\n\n\n<p>Dans le cadre de son activit\u00e9, Info R\u00e9gion Editions&nbsp;est susceptible de mettre en \u0153uvre des liens d\u2019affiliation avec des partenaires commerciaux. Conform\u00e9ment aux articles L.111.7 et D.111.7 du Code de la consommation, Info R\u00e9gion Editions consacre donc cette rubrique \u00e0 vous informer sur l\u2019existence des liens d\u2019affiliation qu\u2019elle utilise&nbsp;:<\/p>\n\n\n\n<ul class=\"wp-block-list\">\n<li>Liens de billetterie affili\u00e9s vers le site fnacspectacles.com (groupe Fnac Darty).&nbsp;Info R\u00e9gion Editions touche une commission si l&#8217;internaute effectue un achat sur fnacspectacles.com apr\u00e8s avoir cliqu\u00e9 sur un lien affili\u00e9 du site jds.fr<\/li>\n\n\n\n<li>Liens de billetterie affili\u00e9s vers le site fever.com (Fever).&nbsp;Info R\u00e9gion Editions touche une commission si l&#8217;internaute effectue un achat sur fever.com apr\u00e8s avoir cliqu\u00e9 sur un lien affili\u00e9 du site jds.fr<\/li>\n<\/ul>\n","protected":false},"excerpt":{"rendered":"<p>Editeur&nbsp; Info R\u00e9gion Editions&nbsp;SARL au capital de social de 20 000\u20ac&nbsp;SIRET&nbsp;: 39380559300042&nbsp;28 rue Fran\u00e7ois Spoerry &#8211; 68100 Mulhouse, France&nbsp;info@jds.fr&nbsp; Directeur&#8230;<\/p>\n","protected":false},"author":1,"featured_media":0,"parent":0,"menu_order":15,"comment_status":"closed","ping_status":"closed","template":"","meta":{"footnotes":""},"class_list":["post-3","page","type-page","status-publish"],"yoast_head":"<!-- This site is optimized with the Yoast SEO plugin v26.9 - https:\/\/yoast.com\/product\/yoast-seo-wordpress\/ -->\n<title>Mentions l\u00e9gales - JDS M\u00e9dia<\/title>\n<meta name=\"robots\" content=\"index, follow, max-snippet:-1, max-image-preview:large, max-video-preview:-1\" \/>\n<link rel=\"canonical\" href=\"https:\/\/www.jds.fr\/blog\/mentions-legales\/\" \/>\n<meta property=\"og:locale\" content=\"fr_FR\" \/>\n<meta property=\"og:type\" content=\"article\" \/>\n<meta property=\"og:title\" content=\"Mentions l\u00e9gales - JDS M\u00e9dia\" \/>\n<meta property=\"og:description\" content=\"Editeur&nbsp; Info R\u00e9gion Editions&nbsp;SARL au capital de social de 20 000\u20ac&nbsp;SIRET&nbsp;: 39380559300042&nbsp;28 rue Fran\u00e7ois Spoerry &#8211; 68100 Mulhouse, France&nbsp;info@jds.fr&nbsp; Directeur...\" \/>\n<meta property=\"og:url\" content=\"https:\/\/www.jds.fr\/blog\/mentions-legales\/\" \/>\n<meta property=\"og:site_name\" content=\"JDS M\u00e9dia\" \/>\n<meta property=\"article:modified_time\" content=\"2025-09-23T13:30:34+00:00\" \/>\n<meta name=\"twitter:card\" content=\"summary_large_image\" \/>\n<meta name=\"twitter:label1\" content=\"Dur\u00e9e de lecture estim\u00e9e\" \/>\n\t<meta name=\"twitter:data1\" content=\"9 minutes\" \/>\n<!-- \/ Yoast SEO plugin. -->","yoast_head_json":{"title":"Mentions l\u00e9gales - JDS M\u00e9dia","robots":{"index":"index","follow":"follow","max-snippet":"max-snippet:-1","max-image-preview":"max-image-preview:large","max-video-preview":"max-video-preview:-1"},"canonical":"https:\/\/www.jds.fr\/blog\/mentions-legales\/","og_locale":"fr_FR","og_type":"article","og_title":"Mentions l\u00e9gales - JDS M\u00e9dia","og_description":"Editeur&nbsp; Info R\u00e9gion Editions&nbsp;SARL au capital de social de 20 000\u20ac&nbsp;SIRET&nbsp;: 39380559300042&nbsp;28 rue Fran\u00e7ois Spoerry &#8211; 68100 Mulhouse, France&nbsp;info@jds.fr&nbsp; Directeur...","og_url":"https:\/\/www.jds.fr\/blog\/mentions-legales\/","og_site_name":"JDS M\u00e9dia","article_modified_time":"2025-09-23T13:30:34+00:00","twitter_card":"summary_large_image","twitter_misc":{"Dur\u00e9e de lecture estim\u00e9e":"9 minutes"},"schema":{"@context":"https:\/\/schema.org","@graph":[{"@type":"WebPage","@id":"https:\/\/www.jds.fr\/blog\/mentions-legales\/","url":"https:\/\/www.jds.fr\/blog\/mentions-legales\/","name":"Mentions l\u00e9gales - JDS M\u00e9dia","isPartOf":{"@id":"https:\/\/www.jds.fr\/blog\/#website"},"datePublished":"2020-09-18T14:11:57+00:00","dateModified":"2025-09-23T13:30:34+00:00","breadcrumb":{"@id":"https:\/\/www.jds.fr\/blog\/mentions-legales\/#breadcrumb"},"inLanguage":"fr-FR","potentialAction":[{"@type":"ReadAction","target":["https:\/\/www.jds.fr\/blog\/mentions-legales\/"]}]},{"@type":"BreadcrumbList","@id":"https:\/\/www.jds.fr\/blog\/mentions-legales\/#breadcrumb","itemListElement":[{"@type":"ListItem","position":1,"name":"Accueil","item":"https:\/\/www.jds.fr\/blog\/"},{"@type":"ListItem","position":2,"name":"Mentions l\u00e9gales"}]},{"@type":"WebSite","@id":"https:\/\/www.jds.fr\/blog\/#website","url":"https:\/\/www.jds.fr\/blog\/","name":"JDS M\u00e9dia","description":"","potentialAction":[{"@type":"SearchAction","target":{"@type":"EntryPoint","urlTemplate":"https:\/\/www.jds.fr\/blog\/?s={search_term_string}"},"query-input":{"@type":"PropertyValueSpecification","valueRequired":true,"valueName":"search_term_string"}}],"inLanguage":"fr-FR"}]}},"_links":{"self":[{"href":"https:\/\/www.jds.fr\/blog\/wp-json\/wp\/v2\/pages\/3","targetHints":{"allow":["GET"]}}],"collection":[{"href":"https:\/\/www.jds.fr\/blog\/wp-json\/wp\/v2\/pages"}],"about":[{"href":"https:\/\/www.jds.fr\/blog\/wp-json\/wp\/v2\/types\/page"}],"author":[{"embeddable":true,"href":"https:\/\/www.jds.fr\/blog\/wp-json\/wp\/v2\/users\/1"}],"replies":[{"embeddable":true,"href":"https:\/\/www.jds.fr\/blog\/wp-json\/wp\/v2\/comments?post=3"}],"version-history":[{"count":9,"href":"https:\/\/www.jds.fr\/blog\/wp-json\/wp\/v2\/pages\/3\/revisions"}],"predecessor-version":[{"id":38099,"href":"https:\/\/www.jds.fr\/blog\/wp-json\/wp\/v2\/pages\/3\/revisions\/38099"}],"wp:attachment":[{"href":"https:\/\/www.jds.fr\/blog\/wp-json\/wp\/v2\/media?parent=3"}],"curies":[{"name":"wp","href":"https:\/\/api.w.org\/{rel}","templated":true}]}}