{"id":37314,"date":"2025-08-21T08:59:06","date_gmt":"2025-08-21T06:59:06","guid":{"rendered":"https:\/\/www.jds.fr\/blog\/?page_id=37314"},"modified":"2025-09-09T12:16:57","modified_gmt":"2025-09-09T10:16:57","slug":"charge-de-developpement-commercial-et-de-la-monetisation","status":"publish","type":"page","link":"https:\/\/www.jds.fr\/blog\/offres-emploi-mulhouse-alsace\/charge-de-developpement-commercial-et-de-la-monetisation\/","title":{"rendered":"Business Developer H\/F"},"content":{"rendered":"\t\t<div data-elementor-type=\"wp-page\" data-elementor-id=\"37314\" class=\"elementor elementor-37314\">\n\t\t\t\t\t\t<section class=\"elementor-section elementor-top-section elementor-element elementor-element-a9d4399 elementor-section-boxed elementor-section-height-default elementor-section-height-default\" data-id=\"a9d4399\" data-element_type=\"section\" data-e-type=\"section\">\r\n\t\t\t\t\t\t<div class=\"elementor-container elementor-column-gap-thegem\"><div class=\"elementor-row\">\r\n\t\t\t\t\t<div class=\"elementor-column elementor-col-50 elementor-top-column elementor-element elementor-element-1b13002\" data-id=\"1b13002\" data-element_type=\"column\" data-e-type=\"column\">\n\t\t\t<div class=\"elementor-widget-wrap elementor-element-populated\">\n\t\t\t\t\t\t<div class=\"elementor-element elementor-element-1c94a5b flex-horizontal-align-default flex-horizontal-align-tablet-default flex-horizontal-align-mobile-default flex-vertical-align-default flex-vertical-align-tablet-default flex-vertical-align-mobile-default elementor-widget elementor-widget-heading\" data-id=\"1c94a5b\" data-element_type=\"widget\" data-e-type=\"widget\" data-widget_type=\"heading.default\">\n\t\t\t\t<div class=\"elementor-widget-container\">\n\t\t\t\t\t<h2 class=\"elementor-heading-title elementor-size-default\">Votre mission<\/h2>\t\t\t\t<\/div>\n\t\t\t\t<\/div>\n\t\t\t\t<div class=\"elementor-element elementor-element-3fc9f9e flex-horizontal-align-default flex-horizontal-align-tablet-default flex-horizontal-align-mobile-default flex-vertical-align-default flex-vertical-align-tablet-default flex-vertical-align-mobile-default elementor-widget elementor-widget-text-editor\" data-id=\"3fc9f9e\" data-element_type=\"widget\" data-e-type=\"widget\" data-widget_type=\"text-editor.default\">\n\t\t\t\t<div class=\"elementor-widget-container\">\n\t\t\t\t\t\t\t\t\t\t\t\t<div class=\"elementor-text-editor elementor-clearfix\">\r\n\t\t\t\t\t\t<div data-olk-copy-source=\"MessageBody\"><div class=\"x_elementToProof\" data-olk-copy-source=\"MessageBody\"><strong>Rejoignez un m\u00e9dia en pleine expansion !<\/strong><\/div><div data-olk-copy-source=\"MessageBody\">\u00a0<\/div><div class=\"x_elementToProof\" data-olk-copy-source=\"MessageBody\">Le JDS, m\u00e9dia local incontournable dans le Haut-Rhin (magazine, site web, r\u00e9seaux sociaux, newsletters), se d\u00e9veloppe \u00e0 l\u2019\u00e9chelle nationale pour devenir l\u2019agenda de r\u00e9f\u00e9rence des sorties, loisirs et \u00e9v\u00e9nements partout en France.<\/div><div>\u00a0<\/div><div class=\"x_elementToProof\">D\u00e9j\u00e0 plus de <strong>2 millions de visiteurs mensuels<\/strong>\u00a0hors Alsace !<br \/>Et ce n\u2019est que le d\u00e9but\u2026<\/div><div>\u00a0<\/div><p>Nous recherchons un\u00b7e charg\u00e9\u00b7e de d\u00e9veloppement commercial &amp; de la mon\u00e9tisation pour renforcer notre \u00e9quipe et accompagner cette croissance.<\/p><\/div><div>En lien direct avec le dirigeant, vous interviendrez sur plusieurs axes strat\u00e9giques.<\/div><div>\u00a0<\/div><div><div data-olk-copy-source=\"MessageBody\"><div class=\"x_elementToProof\" data-olk-copy-source=\"MessageBody\"><strong>1) Chasser &amp; d\u00e9velopper le CA National (60%)<\/strong><\/div><ul><li>Traiter les\u00a0<strong><span role=\"presentation\">leads entrants<\/span><\/strong>, qualifier les besoins,\u00a0<strong><span role=\"presentation\">closer<\/span><\/strong>\u00a0avec des offres claires et orient\u00e9es r\u00e9sultats.<\/li><li>D\u00e9velopper les <strong>revenus\u00a0<span role=\"presentation\">SEO sponsoris\u00e9s<\/span>\u00a0<\/strong>(publi-r\u00e9dactionnels),\u00a0<strong><span role=\"presentation\">affiliation<\/span><\/strong>\u00a0(billetterie\u2026) et\u00a0<strong><span role=\"presentation\">publicit\u00e9 digitale<\/span>.<\/strong><\/li><li>Prospecter des\u00a0<strong><span role=\"presentation\">annonceurs B2B<\/span><\/strong>\u00a0(acteurs culturels\/tourisme\/loisirs, retail, habitat\u2026) au niveau\u00a0<strong><span role=\"presentation\">national<\/span><\/strong>.<\/li><li>Construire et\u00a0<span role=\"presentation\">v<strong>endre des packs<\/strong><\/span><strong>\u00a0<\/strong>\u00e0 impact :\u00a0<strong><span role=\"presentation\">publicit\u00e9 + brand content + newsletter + push + SEO..<\/span>.<\/strong><\/li><li><strong><span role=\"presentation\">Fid\u00e9liser<\/span><\/strong>\u00a0la client\u00e8le<\/li><\/ul><div class=\"x_elementToProof\"><strong>2) Soutien commercial local (30%)<\/strong><\/div><ul><li>Aider le dirigeant \u00e0 animer son portefeuille client : <strong><span role=\"presentation\">fid\u00e9liser<\/span>, <span role=\"presentation\">upsell<\/span>, <span role=\"presentation\">cross-sell<\/span>.<\/strong><\/li><li>Piloter le\u00a0<strong><span role=\"presentation\">suivi des campagnes<\/span><\/strong>\u00a0(briefs, visuels, plannings) avec un sens du service irr\u00e9prochable.<\/li><\/ul><div class=\"x_elementToProof\"><strong>3) Am\u00e9liorer l\u2019offre &amp; les process (10%)<\/strong><\/div><ul><li>Remonter les besoins march\u00e9,\u00a0<strong><span role=\"presentation\">packager\/faire \u00e9voluer<\/span>\u00a0les produits<\/strong> (tarifs, options, bundles).<\/li><li>Tenir un\u00a0<strong><span role=\"presentation\">CRM propre<\/span>,<\/strong> b\u00e2tir des scripts de prospection, A\/B tester des messages, formaliser des\u00a0<strong><span role=\"presentation\">playbooks<\/span><\/strong>.<\/li><li><strong><span role=\"presentation\">IA<\/span>\u00a0:<\/strong> int\u00e9grer l\u2019IA dans tos les processus commerciaux afin d\u2019am\u00e9liorer continuellement nos techniques de prospection, de vente et de fid\u00e9lisation.<\/li><\/ul><\/div><\/div>\t\t\t\t\t\t\t<\/div>\r\n\t\t\t\t\t\t\t\t\t\t<\/div>\n\t\t\t\t<\/div>\n\t\t\t\t<div class=\"elementor-element elementor-element-b5093e4 flex-horizontal-align-default flex-horizontal-align-tablet-default flex-horizontal-align-mobile-default flex-vertical-align-default flex-vertical-align-tablet-default flex-vertical-align-mobile-default elementor-widget elementor-widget-heading\" data-id=\"b5093e4\" data-element_type=\"widget\" data-e-type=\"widget\" data-widget_type=\"heading.default\">\n\t\t\t\t<div class=\"elementor-widget-container\">\n\t\t\t\t\t<h2 class=\"elementor-heading-title elementor-size-default\">Profil recherch\u00e9<\/h2>\t\t\t\t<\/div>\n\t\t\t\t<\/div>\n\t\t\t\t<div class=\"elementor-element elementor-element-81671b4 flex-horizontal-align-default flex-horizontal-align-tablet-default flex-horizontal-align-mobile-default flex-vertical-align-default flex-vertical-align-tablet-default flex-vertical-align-mobile-default elementor-widget elementor-widget-text-editor\" data-id=\"81671b4\" data-element_type=\"widget\" data-e-type=\"widget\" data-widget_type=\"text-editor.default\">\n\t\t\t\t<div class=\"elementor-widget-container\">\n\t\t\t\t\t\t\t\t\t\t\t\t<div class=\"elementor-text-editor elementor-clearfix\">\r\n\t\t\t\t\t\t<div class=\"x_elementToProof\"><strong>Ce que nous regardons d\u2019abord (must-have) :<\/strong><\/div><ul><li><strong><span role=\"presentation\">3 \u00e0 5 ans<\/span><\/strong>\u00a0d\u2019exp\u00e9rience\u00a0<strong><span role=\"presentation\">commerciale B2B<\/span><\/strong>\u00a0en\u00a0<span role=\"presentation\">vente de services<\/span>\u00a0(id\u00e9alement m\u00e9dia \/ r\u00e9gie \/ marketing \/ recrutement \/ SaaS).<\/li><li>Vrai\u00a0<strong><span role=\"presentation\">chasseur<\/span><\/strong>\u00a0: prospection multicanale, prise de RDV, d\u00e9mo\/offre,\u00a0<strong><span role=\"presentation\">n\u00e9gociation &amp; closing<\/span>.<\/strong><\/li><li>\u00c0 l\u2019aise avec les\u00a0<strong><span role=\"presentation\">KPIs<\/span><\/strong>\u00a0(pipeline, taux de transfo, MRR\/CA), rigoureux dans le\u00a0<strong><span role=\"presentation\">CRM<\/span><\/strong>.<\/li><li>Capacit\u00e9 \u00e0\u00a0<strong><span role=\"presentation\">structurer une offre<\/span><\/strong>\u00a0et \u00e0 parler ROI \u00e0 un d\u00e9cideur (DG, dir. com\/marketing, institution).<\/li><li><strong><span role=\"presentation\">Culture digitale<\/span><\/strong>\u00a0op\u00e9rationnelle : notions\u00a0<strong><span role=\"presentation\">SEO<\/span><\/strong>, publicit\u00e9 en ligne, newsletters, affiliation.<\/li><\/ul><div class=\"x_elementToProof\"><strong>Nice-to-have :<\/strong><\/div><ul><li>Formation\u00a0<strong><span role=\"presentation\">\u00e9cole de commerce<\/span><\/strong>\u00a0(ou \u00e9quivalent).<\/li><li>Autonomie, curiosit\u00e9, esprit d\u2019initiative<\/li><li>Envie de s\u2019investir dans un projet ambitieux, avec une \u00e9quipe \u00e0 taille humaine<\/li><\/ul>\t\t\t\t\t\t\t<\/div>\r\n\t\t\t\t\t\t\t\t\t\t<\/div>\n\t\t\t\t<\/div>\n\t\t\t\t<div class=\"elementor-element elementor-element-b76e71f flex-horizontal-align-default flex-horizontal-align-tablet-default flex-horizontal-align-mobile-default flex-vertical-align-default flex-vertical-align-tablet-default flex-vertical-align-mobile-default elementor-widget elementor-widget-heading\" data-id=\"b76e71f\" data-element_type=\"widget\" data-e-type=\"widget\" data-widget_type=\"heading.default\">\n\t\t\t\t<div class=\"elementor-widget-container\">\n\t\t\t\t\t<h2 class=\"elementor-heading-title elementor-size-default\">Le JDS, c\u2019est qui ?<\/h2>\t\t\t\t<\/div>\n\t\t\t\t<\/div>\n\t\t\t\t<div class=\"elementor-element elementor-element-74902eb flex-horizontal-align-default flex-horizontal-align-tablet-default flex-horizontal-align-mobile-default flex-vertical-align-default flex-vertical-align-tablet-default flex-vertical-align-mobile-default elementor-widget elementor-widget-text-editor\" data-id=\"74902eb\" data-element_type=\"widget\" data-e-type=\"widget\" data-widget_type=\"text-editor.default\">\n\t\t\t\t<div class=\"elementor-widget-container\">\n\t\t\t\t\t\t\t\t\t\t\t\t<div class=\"elementor-text-editor elementor-clearfix\">\r\n\t\t\t\t\t\t<ul><li data-olk-copy-source=\"MessageBody\">Un\u00a0<strong><span role=\"presentation\">projet \u00e0 fort potentiel<\/span><\/strong>, en phase d\u2019acc\u00e9l\u00e9ration nationale<\/li><li>Un <strong>poste<\/strong>\u00a0<strong><span role=\"presentation\">\u00e9volutif<\/span><\/strong>, au c\u0153ur du d\u00e9veloppement strat\u00e9gique du m\u00e9dia<\/li><li>Une\u00a0<strong><span role=\"presentation\">ambiance pro et bienveillante<\/span><\/strong>, o\u00f9 les id\u00e9es comptent<\/li><li>L\u2019occasion de travailler sur des sujets concrets, avec des r\u00e9sultats visibles<\/li><li>L\u2019opportunit\u00e9 de\u00a0<strong><span role=\"presentation\">mettre en pratique l\u2019IA et les outils digitaux<\/span><\/strong>\u00a0pour inventer les solutions de demain<\/li><\/ul>\t\t\t\t\t\t\t<\/div>\r\n\t\t\t\t\t\t\t\t\t\t<\/div>\n\t\t\t\t<\/div>\n\t\t\t\t\t<\/div>\n\t\t<\/div>\n\t\t\t\t<div class=\"elementor-column elementor-col-50 elementor-top-column elementor-element elementor-element-cc85b16\" data-id=\"cc85b16\" data-element_type=\"column\" data-e-type=\"column\">\n\t\t\t<div class=\"elementor-widget-wrap elementor-element-populated\">\n\t\t\t\t\t\t<div class=\"elementor-element elementor-element-44b6cdf flex-horizontal-align-default flex-horizontal-align-tablet-default flex-horizontal-align-mobile-default flex-vertical-align-default flex-vertical-align-tablet-default flex-vertical-align-mobile-default elementor-widget elementor-widget-heading\" data-id=\"44b6cdf\" data-element_type=\"widget\" data-e-type=\"widget\" data-widget_type=\"heading.default\">\n\t\t\t\t<div class=\"elementor-widget-container\">\n\t\t\t\t\t<h2 class=\"elementor-heading-title elementor-size-default\">Je postule<\/h2>\t\t\t\t<\/div>\n\t\t\t\t<\/div>\n\t\t\t\t<div class=\"elementor-element elementor-element-c0423d8 flex-horizontal-align-default flex-horizontal-align-tablet-default flex-horizontal-align-mobile-default flex-vertical-align-default flex-vertical-align-tablet-default flex-vertical-align-mobile-default elementor-widget elementor-widget-text-editor\" data-id=\"c0423d8\" data-element_type=\"widget\" data-e-type=\"widget\" data-widget_type=\"text-editor.default\">\n\t\t\t\t<div class=\"elementor-widget-container\">\n\t\t\t\t\t\t\t\t\t\t\t\t<div class=\"elementor-text-editor elementor-clearfix\">\r\n\t\t\t\t\t\t<ul><li class=\"x_elementToProof\">Localisation : Mulhouse<\/li><li class=\"x_elementToProof\">Type de contrat : CDI \u2013 Temps plein &#8211; pr\u00e9sentiel<\/li><li class=\"x_elementToProof\">D\u00e9but : D\u00e8s que possible<\/li><li class=\"x_elementToProof\">Domaine : M\u00e9dia \u2013 Communication \u2013D\u00e9veloppement commercial<\/li><li class=\"x_elementToProof\">R\u00e9mun\u00e9ration : Attractive, selon profil et r\u00e9sultats<\/li><li class=\"x_elementToProof\">\u00c9quipe dynamique, projet national ambitieux.<\/li><\/ul>\t\t\t\t\t\t\t<\/div>\r\n\t\t\t\t\t\t\t\t\t\t<\/div>\n\t\t\t\t<\/div>\n\t\t\t\t<div class=\"elementor-element elementor-element-ce02d79 flex-horizontal-align-default flex-horizontal-align-tablet-default flex-horizontal-align-mobile-default flex-vertical-align-default flex-vertical-align-tablet-default flex-vertical-align-mobile-default elementor-widget elementor-widget-text-editor\" data-id=\"ce02d79\" data-element_type=\"widget\" data-e-type=\"widget\" data-widget_type=\"text-editor.default\">\n\t\t\t\t<div class=\"elementor-widget-container\">\n\t\t\t\t\t\t\t\t\t\t\t\t<div class=\"elementor-text-editor elementor-clearfix\">\r\n\t\t\t\t\t\t<p><strong>Envoyez-nous :<\/strong><\/p><ul><li>Votre CV<\/li><li>Une lettre de motivation<\/li><li>Vous pouvez aussi nous glisser un petit mot de pr\u00e9sentation dans la case ci-dessous<\/li><li>Adressez votre candidature \u00e0 Jean-Marc Henni en utilisant le formulaire ci-dessous.<\/li><\/ul><p>Premier \u00e9change en visio, puis rencontre \u00e0 Mulhouse.<\/p>\t\t\t\t\t\t\t<\/div>\r\n\t\t\t\t\t\t\t\t\t\t<\/div>\n\t\t\t\t<\/div>\n\t\t\t\t<div class=\"elementor-element elementor-element-513b20c elementor-widget__width-initial flex-horizontal-align-default flex-horizontal-align-tablet-default flex-horizontal-align-mobile-default flex-vertical-align-default flex-vertical-align-tablet-default flex-vertical-align-mobile-default elementor-widget elementor-widget-thegem-contact-form7\" data-id=\"513b20c\" data-element_type=\"widget\" data-e-type=\"widget\" data-settings=\"{&quot;thegem_elementor_preset&quot;:&quot;default&quot;}\" data-widget_type=\"thegem-contact-form7.default\">\n\t\t\t\t<div class=\"elementor-widget-container\">\n\t\t\t\t\t\n<div class=\"wpcf7 no-js\" id=\"wpcf7-f27531-o1\" lang=\"fr-FR\" dir=\"ltr\" data-wpcf7-id=\"27531\">\n<div class=\"screen-reader-response\"><p role=\"status\" aria-live=\"polite\" aria-atomic=\"true\"><\/p> <ul><\/ul><\/div>\n<form action=\"\/blog\/wp-json\/wp\/v2\/pages\/37314#wpcf7-f27531-o1\" method=\"post\" class=\"wpcf7-form init thegem-cf7 form-513b20c label-top\" aria-label=\"Formulaire de contact\" enctype=\"multipart\/form-data\" novalidate=\"novalidate\" data-status=\"init\">\n<fieldset class=\"hidden-fields-container\"><legend class=\"screen-reader-text\">Hidden fields<\/legend><input type=\"hidden\" name=\"_wpcf7\" value=\"27531\" \/><input type=\"hidden\" name=\"_wpcf7_version\" value=\"6.1.5\" \/><input type=\"hidden\" name=\"_wpcf7_locale\" value=\"fr_FR\" \/><input type=\"hidden\" name=\"_wpcf7_unit_tag\" value=\"wpcf7-f27531-o1\" \/><input type=\"hidden\" name=\"_wpcf7_container_post\" value=\"0\" \/><input type=\"hidden\" name=\"_wpcf7_posted_data_hash\" value=\"\" \/>\n<\/fieldset>\n<label> Votre nom (obligatoire)\n    <span class=\"wpcf7-form-control-wrap\" data-name=\"your-name\"><input size=\"40\" maxlength=\"400\" class=\"wpcf7-form-control wpcf7-text wpcf7-validates-as-required\" aria-required=\"true\" aria-invalid=\"false\" value=\"\" type=\"text\" name=\"your-name\" \/><\/span> <\/label>\n\n<label> Votre e-mail (obligatoire)\n    <span class=\"wpcf7-form-control-wrap\" data-name=\"your-email\"><input size=\"40\" maxlength=\"400\" class=\"wpcf7-form-control wpcf7-email wpcf7-validates-as-required wpcf7-text wpcf7-validates-as-email\" aria-required=\"true\" aria-invalid=\"false\" value=\"\" type=\"email\" name=\"your-email\" \/><\/span> <\/label>\n\n<label> Poste souhait\u00e9\n<span class=\"wpcf7-form-control-wrap\" data-name=\"your-subject\"><select class=\"wpcf7-form-control wpcf7-select\" aria-invalid=\"false\" name=\"your-subject\"><option value=\"Charg\u00e9 de d\u00e9veloppement commercial\">Charg\u00e9 de d\u00e9veloppement commercial<\/option><option value=\"Commercial\">Commercial<\/option><option value=\"Community Manager\">Community Manager<\/option><option value=\"Journaliste\">Journaliste<\/option><option value=\"R\u00e9dacteur web\">R\u00e9dacteur web<\/option><option value=\"SEO \/ Web marketing\">SEO \/ Web marketing<\/option><option value=\"Stage et alternance\">Stage et alternance<\/option><\/select><\/span><\/label>\n\n<label> Votre message\n    <span class=\"wpcf7-form-control-wrap\" data-name=\"your-message\"><textarea cols=\"40\" rows=\"10\" maxlength=\"2000\" class=\"wpcf7-form-control wpcf7-textarea\" aria-invalid=\"false\" name=\"your-message\"><\/textarea><\/span> <\/label>\n\n<label>CV (obligatoire - format PDF 5 mo max)\n    <span class=\"wpcf7-form-control-wrap\" data-name=\"file-266\"><input size=\"40\" class=\"wpcf7-form-control wpcf7-file wpcf7-validates-as-required\" accept=\".pdf\" aria-required=\"true\" aria-invalid=\"false\" type=\"file\" name=\"file-266\" \/><\/span> <\/label>\n\n<label>Lettre de motivation (obligatoire - format PDF 5 mo max)\n    <span class=\"wpcf7-form-control-wrap\" data-name=\"file-419\"><input size=\"40\" class=\"wpcf7-form-control wpcf7-file wpcf7-validates-as-required\" accept=\".pdf\" aria-required=\"true\" aria-invalid=\"false\" type=\"file\" name=\"file-419\" \/><\/span> <\/label>\n\n<input class=\"wpcf7-form-control wpcf7-submit has-spinner\" type=\"submit\" value=\"Je postule\" \/><p style=\"display: none !important;\" class=\"akismet-fields-container\" data-prefix=\"_wpcf7_ak_\"><label>&#916;<textarea name=\"_wpcf7_ak_hp_textarea\" cols=\"45\" rows=\"8\" maxlength=\"100\"><\/textarea><\/label><input type=\"hidden\" id=\"ak_js_1\" name=\"_wpcf7_ak_js\" value=\"199\"\/><script>document.getElementById( \"ak_js_1\" ).setAttribute( \"value\", ( new Date() ).getTime() );<\/script><\/p><div class=\"wpcf7-response-output\" aria-hidden=\"true\"><\/div>\n<\/form>\n<\/div>\n\t\t\t\t<\/div>\n\t\t\t\t<\/div>\n\t\t\t\t<div class=\"elementor-element elementor-element-d1afd03 flex-horizontal-align-default flex-horizontal-align-tablet-default flex-horizontal-align-mobile-default flex-vertical-align-default flex-vertical-align-tablet-default flex-vertical-align-mobile-default elementor-widget elementor-widget-html\" data-id=\"d1afd03\" data-element_type=\"widget\" data-e-type=\"widget\" data-widget_type=\"html.default\">\n\t\t\t\t<div class=\"elementor-widget-container\">\n\t\t\t\t\t<script>\njQuery(document).ready(function( $ ){\n$('select[name=\"your-subject\"] option[value=\"Charg\u00e9 de d\u00e9veloppement commercial\"]').prop(\"selected\",true).trigger('change');\n});\n<\/script>\t\t\t\t<\/div>\n\t\t\t\t<\/div>\n\t\t\t\t\t<\/div>\n\t\t<\/div>\n\t\t\t\t\t<\/div><\/div>\r\n\t\t<\/section>\r\n\t\t\t\t<\/div>\n\t\t","protected":false},"excerpt":{"rendered":"<p>Votre mission Rejoignez un m\u00e9dia en pleine expansion !\u00a0Le JDS, m\u00e9dia local incontournable dans le Haut-Rhin (magazine, site web, r\u00e9seaux&#8230;<\/p>\n","protected":false},"author":1,"featured_media":0,"parent":27484,"menu_order":0,"comment_status":"closed","ping_status":"closed","template":"page-fullwidth.php","meta":{"footnotes":""},"class_list":["post-37314","page","type-page","status-publish"],"yoast_head":"<!-- This site is optimized with the Yoast SEO plugin v26.9 - https:\/\/yoast.com\/product\/yoast-seo-wordpress\/ -->\n<title>Business Developer (H\/F) | Offre d&#039;emploi Mulhouse-Alsace<\/title>\n<meta name=\"description\" content=\"Rejoignez l&#039;\u00e9quipe r\u00e9dactionnelle du JDS, un m\u00e9dia ind\u00e9pendant d\u2019information sur les Sorties, les loisirs et l\u2019Arts de Vivre.\" \/>\n<meta name=\"robots\" content=\"index, follow, max-snippet:-1, max-image-preview:large, max-video-preview:-1\" \/>\n<link rel=\"canonical\" href=\"https:\/\/www.jds.fr\/blog\/offres-emploi-mulhouse-alsace\/charge-de-developpement-commercial-et-de-la-monetisation\/\" \/>\n<meta property=\"og:locale\" content=\"fr_FR\" \/>\n<meta property=\"og:type\" content=\"article\" \/>\n<meta property=\"og:title\" content=\"Business Developer (H\/F) | Offre d&#039;emploi Mulhouse-Alsace\" \/>\n<meta property=\"og:description\" content=\"Rejoignez l&#039;\u00e9quipe r\u00e9dactionnelle du JDS, un m\u00e9dia ind\u00e9pendant d\u2019information sur les Sorties, les loisirs et l\u2019Arts de Vivre.\" \/>\n<meta property=\"og:url\" content=\"https:\/\/www.jds.fr\/blog\/offres-emploi-mulhouse-alsace\/charge-de-developpement-commercial-et-de-la-monetisation\/\" \/>\n<meta property=\"og:site_name\" content=\"JDS M\u00e9dia\" \/>\n<meta property=\"article:modified_time\" content=\"2025-09-09T10:16:57+00:00\" \/>\n<meta name=\"twitter:card\" content=\"summary_large_image\" \/>\n<meta name=\"twitter:label1\" content=\"Dur\u00e9e de lecture estim\u00e9e\" \/>\n\t<meta name=\"twitter:data1\" content=\"3 minutes\" \/>\n<!-- \/ Yoast SEO plugin. -->","yoast_head_json":{"title":"Business Developer (H\/F) | Offre d'emploi Mulhouse-Alsace","description":"Rejoignez l'\u00e9quipe r\u00e9dactionnelle du JDS, un m\u00e9dia ind\u00e9pendant d\u2019information sur les Sorties, les loisirs et l\u2019Arts de Vivre.","robots":{"index":"index","follow":"follow","max-snippet":"max-snippet:-1","max-image-preview":"max-image-preview:large","max-video-preview":"max-video-preview:-1"},"canonical":"https:\/\/www.jds.fr\/blog\/offres-emploi-mulhouse-alsace\/charge-de-developpement-commercial-et-de-la-monetisation\/","og_locale":"fr_FR","og_type":"article","og_title":"Business Developer (H\/F) | Offre d'emploi Mulhouse-Alsace","og_description":"Rejoignez l'\u00e9quipe r\u00e9dactionnelle du JDS, un m\u00e9dia ind\u00e9pendant d\u2019information sur les Sorties, les loisirs et l\u2019Arts de Vivre.","og_url":"https:\/\/www.jds.fr\/blog\/offres-emploi-mulhouse-alsace\/charge-de-developpement-commercial-et-de-la-monetisation\/","og_site_name":"JDS M\u00e9dia","article_modified_time":"2025-09-09T10:16:57+00:00","twitter_card":"summary_large_image","twitter_misc":{"Dur\u00e9e de lecture estim\u00e9e":"3 minutes"},"schema":{"@context":"https:\/\/schema.org","@graph":[{"@type":"WebPage","@id":"https:\/\/www.jds.fr\/blog\/offres-emploi-mulhouse-alsace\/charge-de-developpement-commercial-et-de-la-monetisation\/","url":"https:\/\/www.jds.fr\/blog\/offres-emploi-mulhouse-alsace\/charge-de-developpement-commercial-et-de-la-monetisation\/","name":"Business Developer (H\/F) | Offre d'emploi Mulhouse-Alsace","isPartOf":{"@id":"https:\/\/www.jds.fr\/blog\/#website"},"datePublished":"2025-08-21T06:59:06+00:00","dateModified":"2025-09-09T10:16:57+00:00","description":"Rejoignez l'\u00e9quipe r\u00e9dactionnelle du JDS, un m\u00e9dia ind\u00e9pendant d\u2019information sur les Sorties, les loisirs et l\u2019Arts de Vivre.","breadcrumb":{"@id":"https:\/\/www.jds.fr\/blog\/offres-emploi-mulhouse-alsace\/charge-de-developpement-commercial-et-de-la-monetisation\/#breadcrumb"},"inLanguage":"fr-FR","potentialAction":[{"@type":"ReadAction","target":["https:\/\/www.jds.fr\/blog\/offres-emploi-mulhouse-alsace\/charge-de-developpement-commercial-et-de-la-monetisation\/"]}]},{"@type":"BreadcrumbList","@id":"https:\/\/www.jds.fr\/blog\/offres-emploi-mulhouse-alsace\/charge-de-developpement-commercial-et-de-la-monetisation\/#breadcrumb","itemListElement":[{"@type":"ListItem","position":1,"name":"Accueil","item":"https:\/\/www.jds.fr\/blog\/"},{"@type":"ListItem","position":2,"name":"Offres d&#8217;emploi","item":"https:\/\/www.jds.fr\/blog\/offres-emploi-mulhouse-alsace\/"},{"@type":"ListItem","position":3,"name":"Business Developer H\/F"}]},{"@type":"WebSite","@id":"https:\/\/www.jds.fr\/blog\/#website","url":"https:\/\/www.jds.fr\/blog\/","name":"JDS M\u00e9dia","description":"","potentialAction":[{"@type":"SearchAction","target":{"@type":"EntryPoint","urlTemplate":"https:\/\/www.jds.fr\/blog\/?s={search_term_string}"},"query-input":{"@type":"PropertyValueSpecification","valueRequired":true,"valueName":"search_term_string"}}],"inLanguage":"fr-FR"}]}},"_links":{"self":[{"href":"https:\/\/www.jds.fr\/blog\/wp-json\/wp\/v2\/pages\/37314","targetHints":{"allow":["GET"]}}],"collection":[{"href":"https:\/\/www.jds.fr\/blog\/wp-json\/wp\/v2\/pages"}],"about":[{"href":"https:\/\/www.jds.fr\/blog\/wp-json\/wp\/v2\/types\/page"}],"author":[{"embeddable":true,"href":"https:\/\/www.jds.fr\/blog\/wp-json\/wp\/v2\/users\/1"}],"replies":[{"embeddable":true,"href":"https:\/\/www.jds.fr\/blog\/wp-json\/wp\/v2\/comments?post=37314"}],"version-history":[{"count":14,"href":"https:\/\/www.jds.fr\/blog\/wp-json\/wp\/v2\/pages\/37314\/revisions"}],"predecessor-version":[{"id":37852,"href":"https:\/\/www.jds.fr\/blog\/wp-json\/wp\/v2\/pages\/37314\/revisions\/37852"}],"up":[{"embeddable":true,"href":"https:\/\/www.jds.fr\/blog\/wp-json\/wp\/v2\/pages\/27484"}],"wp:attachment":[{"href":"https:\/\/www.jds.fr\/blog\/wp-json\/wp\/v2\/media?parent=37314"}],"curies":[{"name":"wp","href":"https:\/\/api.w.org\/{rel}","templated":true}]}}